{"id":276,"date":"2022-02-14T14:42:19","date_gmt":"2022-02-14T13:42:19","guid":{"rendered":"http:\/\/wodadlakujaw.pl\/?page_id=276"},"modified":"2022-09-21T10:36:15","modified_gmt":"2022-09-21T08:36:15","slug":"zespol","status":"publish","type":"page","link":"http:\/\/wodadlakujaw.pl\/index.php\/o-nas\/zespol\/","title":{"rendered":"Zesp\u00f3\u0142"},"content":{"rendered":"<div class=\"fusion-fullwidth fullwidth-box fusion-builder-row-1 fusion-flex-container nonhundred-percent-fullwidth non-hundred-percent-height-scrolling\" style=\"background-color: rgba(255,255,255,0);background-position: center center;background-repeat: no-repeat;border-width: 0px 0px 0px 0px;border-color:var(--awb-color3);border-style:solid;\" ><div class=\"fusion-builder-row fusion-row fusion-flex-align-items-flex-start\" style=\"max-width:1248px;margin-left: calc(-4% \/ 2 );margin-right: calc(-4% \/ 2 );\"><div class=\"fusion-layout-column fusion_builder_column fusion-builder-column-0 fusion_builder_column_1_1 1_1 fusion-flex-column\"><div class=\"fusion-column-wrapper fusion-flex-justify-content-flex-start fusion-content-layout-column\" style=\"background-position:left top;background-repeat:no-repeat;-webkit-background-size:cover;-moz-background-size:cover;-o-background-size:cover;background-size:cover;padding: 0px 0px 0px 0px;\"><div style=\"text-align:center;\"><span class=\" fusion-imageframe imageframe-none imageframe-1 hover-type-none\" style=\"max-width:450px;\"><img decoding=\"async\" width=\"609\" height=\"215\" title=\"ITP-PIB_pe\u0142na_nazwa\" src=\"http:\/\/wodadlakujaw.pl\/wp-content\/uploads\/2022\/02\/ITP-PIB_pelna_nazwa.png\" alt class=\"img-responsive wp-image-513\" srcset=\"http:\/\/wodadlakujaw.pl\/wp-content\/uploads\/2022\/02\/ITP-PIB_pelna_nazwa-200x71.png 200w, http:\/\/wodadlakujaw.pl\/wp-content\/uploads\/2022\/02\/ITP-PIB_pelna_nazwa-400x141.png 400w, http:\/\/wodadlakujaw.pl\/wp-content\/uploads\/2022\/02\/ITP-PIB_pelna_nazwa-600x212.png 600w, http:\/\/wodadlakujaw.pl\/wp-content\/uploads\/2022\/02\/ITP-PIB_pelna_nazwa.png 609w\" sizes=\"(max-width: 640px) 100vw, 609px\" \/><\/span><\/div><div class=\"fusion-image-carousel fusion-image-carousel-fixed fusion-image-carousel-1 awb-image-carousel-top-below-caption\"><div class=\"fusion-carousel awb-imageframe-style awb-imageframe-style-below awb-imageframe-style-1\" data-autoplay=\"no\" data-columns=\"4\" data-itemmargin=\"10\" data-itemwidth=\"180\" data-touchscroll=\"no\" data-imagesize=\"fixed\"><div class=\"fusion-carousel-positioner\"><ul class=\"fusion-carousel-holder\"><li class=\"fusion-carousel-item\"><div class=\"fusion-carousel-item-wrapper\"><div class=\"fusion-image-wrapper hover-type-none\"><img decoding=\"async\" width=\"133\" height=\"155\" src=\"http:\/\/wodadlakujaw.pl\/wp-content\/uploads\/2022\/02\/Obraz1.png\" class=\"attachment-blog-medium size-blog-medium\" alt=\"\" \/><\/div><div class=\"awb-imageframe-caption-container\" style=\"text-align:center;\"><div class=\"awb-imageframe-caption\"><h2 class=\"awb-imageframe-caption-title\">Wies\u0142awa Kasperska-Wo\u0142owicz<\/h2><p class=\"awb-imageframe-caption-text\">dr in\u017c.<\/p><\/div><\/div><\/div><\/li><li class=\"fusion-carousel-item\"><div class=\"fusion-carousel-item-wrapper\"><div class=\"fusion-image-wrapper hover-type-none\"><img decoding=\"async\" width=\"208\" height=\"202\" src=\"http:\/\/wodadlakujaw.pl\/wp-content\/uploads\/2022\/02\/Obraz2-208x202.png\" class=\"attachment-blog-medium size-blog-medium\" alt=\"\" \/><\/div><div class=\"awb-imageframe-caption-container\" style=\"text-align:center;\"><div class=\"awb-imageframe-caption\"><h2 class=\"awb-imageframe-caption-title\">Ewa Kanecka-Geszke <\/h2><p class=\"awb-imageframe-caption-text\">dr in\u017c.<\/p><\/div><\/div><\/div><\/li><li class=\"fusion-carousel-item\"><div class=\"fusion-carousel-item-wrapper\"><div class=\"fusion-image-wrapper hover-type-none\"><img decoding=\"async\" width=\"201\" height=\"202\" src=\"http:\/\/wodadlakujaw.pl\/wp-content\/uploads\/2022\/02\/Obraz3-201x202.jpg\" class=\"attachment-blog-medium size-blog-medium\" alt=\"\" \/><\/div><div class=\"awb-imageframe-caption-container\" style=\"text-align:center;\"><div class=\"awb-imageframe-caption\"><h2 class=\"awb-imageframe-caption-title\">Tymoteusz Bolewski<\/h2><p class=\"awb-imageframe-caption-text\">mgr in\u017c.<\/p><\/div><\/div><\/div><\/li><li class=\"fusion-carousel-item\"><div class=\"fusion-carousel-item-wrapper\"><div class=\"fusion-image-wrapper hover-type-none\"><img decoding=\"async\" width=\"216\" height=\"202\" src=\"http:\/\/wodadlakujaw.pl\/wp-content\/uploads\/2022\/02\/Obraz4-216x202.png\" class=\"attachment-blog-medium size-blog-medium\" alt=\"\" \/><\/div><div class=\"awb-imageframe-caption-container\" style=\"text-align:center;\"><div class=\"awb-imageframe-caption\"><h2 class=\"awb-imageframe-caption-title\">Bogdan B\u0105k<\/h2><p class=\"awb-imageframe-caption-text\">dr in\u017c.<\/p><\/div><\/div><\/div><\/li><li class=\"fusion-carousel-item\"><div class=\"fusion-carousel-item-wrapper\"><div class=\"fusion-image-wrapper hover-type-none\"><img decoding=\"async\" width=\"209\" height=\"202\" src=\"http:\/\/wodadlakujaw.pl\/wp-content\/uploads\/2022\/02\/Obraz5-209x202.png\" class=\"attachment-blog-medium size-blog-medium\" alt=\"\" \/><\/div><div class=\"awb-imageframe-caption-container\" style=\"text-align:center;\"><div class=\"awb-imageframe-caption\"><h2 class=\"awb-imageframe-caption-title\">Jan Meller<\/h2><\/div><\/div><\/div><\/li><li class=\"fusion-carousel-item\"><div class=\"fusion-carousel-item-wrapper\"><div class=\"fusion-image-wrapper hover-type-none\"><img decoding=\"async\" width=\"160\" height=\"179\" src=\"http:\/\/wodadlakujaw.pl\/wp-content\/uploads\/2022\/02\/Obraz6.png\" class=\"attachment-blog-medium size-blog-medium\" alt=\"\" \/><\/div><div class=\"awb-imageframe-caption-container\" style=\"text-align:center;\"><div class=\"awb-imageframe-caption\"><h2 class=\"awb-imageframe-caption-title\">Renata Wi\u015bniewska<\/h2><\/div><\/div><\/div><\/li><li class=\"fusion-carousel-item\"><div class=\"fusion-carousel-item-wrapper\"><div class=\"fusion-image-wrapper hover-type-none\"><img decoding=\"async\" width=\"216\" height=\"202\" src=\"http:\/\/wodadlakujaw.pl\/wp-content\/uploads\/2022\/02\/Obraz7-216x202.png\" class=\"attachment-blog-medium size-blog-medium\" alt=\"\" \/><\/div><div class=\"awb-imageframe-caption-container\" style=\"text-align:center;\"><div class=\"awb-imageframe-caption\"><h2 class=\"awb-imageframe-caption-title\">Bernadeta Fligiel<\/h2><\/div><\/div><\/div><\/li><li class=\"fusion-carousel-item\"><div class=\"fusion-carousel-item-wrapper\"><div class=\"fusion-image-wrapper hover-type-none\"><img decoding=\"async\" width=\"110\" height=\"121\" src=\"http:\/\/wodadlakujaw.pl\/wp-content\/uploads\/2022\/02\/Obraz8.png\" class=\"attachment-blog-medium size-blog-medium\" alt=\"\" \/><\/div><div class=\"awb-imageframe-caption-container\" style=\"text-align:center;\"><div class=\"awb-imageframe-caption\"><h2 class=\"awb-imageframe-caption-title\">Grzegorz Bartkowski<\/h2><\/div><\/div><\/div><\/li><\/ul><div class=\"fusion-carousel-nav\"><span class=\"fusion-nav-prev\"><\/span><span class=\"fusion-nav-next\"><\/span><\/div><\/div><\/div><\/div><div style=\"text-align:center;\"><span class=\" fusion-imageframe imageframe-none imageframe-2 hover-type-none\" style=\"max-width:200px;\"><img decoding=\"async\" width=\"260\" height=\"260\" src=\"http:\/\/wodadlakujaw.pl\/wp-content\/uploads\/2020\/08\/3.jpg\" alt class=\"img-responsive wp-image-44\" srcset=\"http:\/\/wodadlakujaw.pl\/wp-content\/uploads\/2020\/08\/3-150x150.jpg 150w, http:\/\/wodadlakujaw.pl\/wp-content\/uploads\/2020\/08\/3.jpg 260w\" sizes=\"(max-width: 260px) 100vw, 260px\" \/><\/span><\/div><div class=\"fusion-image-carousel fusion-image-carousel-fixed fusion-image-carousel-2 awb-image-carousel-top-below-caption\"><div class=\"fusion-carousel awb-imageframe-style awb-imageframe-style-below awb-imageframe-style-2\" data-autoplay=\"no\" data-columns=\"4\" data-itemmargin=\"10\" data-itemwidth=\"180\" data-touchscroll=\"no\" data-imagesize=\"fixed\"><div class=\"fusion-carousel-positioner\"><ul class=\"fusion-carousel-holder\"><li class=\"fusion-carousel-item\"><div class=\"fusion-carousel-item-wrapper\"><div class=\"fusion-image-wrapper hover-type-none\"><img decoding=\"async\" width=\"194\" height=\"202\" src=\"http:\/\/wodadlakujaw.pl\/wp-content\/uploads\/2022\/02\/Obraz10-194x202.jpg\" class=\"attachment-blog-medium size-blog-medium\" alt=\"\" \/><\/div><div class=\"awb-imageframe-caption-container\" style=\"text-align:center;\"><div class=\"awb-imageframe-caption\"><h2 class=\"awb-imageframe-caption-title\">Mariusz Kaczmarek<\/h2><p class=\"awb-imageframe-caption-text\">prof. dr hab. in\u017c.<\/p><\/div><\/div><\/div><\/li><li class=\"fusion-carousel-item\"><div class=\"fusion-carousel-item-wrapper\"><div class=\"fusion-image-wrapper hover-type-none\"><img decoding=\"async\" width=\"192\" height=\"202\" src=\"http:\/\/wodadlakujaw.pl\/wp-content\/uploads\/2022\/02\/Obraz9-192x202.png\" class=\"attachment-blog-medium size-blog-medium\" alt=\"\" \/><\/div><div class=\"awb-imageframe-caption-container\" style=\"text-align:center;\"><div class=\"awb-imageframe-caption\"><h2 class=\"awb-imageframe-caption-title\">Mieczys\u0142aw Cieszko<\/h2><p class=\"awb-imageframe-caption-text\">dr hab. in\u017c., prof. uczelni <\/p><\/div><\/div><\/div><\/li><li class=\"fusion-carousel-item\"><div class=\"fusion-carousel-item-wrapper\"><div class=\"fusion-image-wrapper hover-type-none\"><img decoding=\"async\" width=\"97\" height=\"144\" src=\"http:\/\/wodadlakujaw.pl\/wp-content\/uploads\/2022\/03\/Izabela_Rojek_prof_UKW.jpg\" class=\"attachment-blog-medium size-blog-medium\" alt=\"\" \/><\/div><div class=\"awb-imageframe-caption-container\" style=\"text-align:center;\"><div class=\"awb-imageframe-caption\"><h2 class=\"awb-imageframe-caption-title\">Izabela Rojek<\/h2><p class=\"awb-imageframe-caption-text\">dr hab. in\u017c., prof. uczelni<\/p><\/div><\/div><\/div><\/li><li class=\"fusion-carousel-item\"><div class=\"fusion-carousel-item-wrapper\"><div class=\"fusion-image-wrapper hover-type-none\"><img decoding=\"async\" width=\"192\" height=\"202\" src=\"http:\/\/wodadlakujaw.pl\/wp-content\/uploads\/2022\/02\/Obraz11-192x202.png\" class=\"attachment-blog-medium size-blog-medium\" alt=\"\" \/><\/div><div class=\"awb-imageframe-caption-container\" style=\"text-align:center;\"><div class=\"awb-imageframe-caption\"><h2 class=\"awb-imageframe-caption-title\">Katarzyna Kazimierska-Drobny<\/h2><p class=\"awb-imageframe-caption-text\">dr in\u017c.<\/p><\/div><\/div><\/div><\/li><li class=\"fusion-carousel-item\"><div class=\"fusion-carousel-item-wrapper\"><div class=\"fusion-image-wrapper hover-type-none\"><img decoding=\"async\" src=\"\" alt=\"\"\/><\/div><div class=\"awb-imageframe-caption-container\" style=\"text-align:center;\"><div class=\"awb-imageframe-caption\"><h2 class=\"awb-imageframe-caption-title\">Maciej Piechowiak<\/h2><p class=\"awb-imageframe-caption-text\">dr in\u017c.<\/p><\/div><\/div><\/div><\/li><li class=\"fusion-carousel-item\"><div class=\"fusion-carousel-item-wrapper\"><div class=\"fusion-image-wrapper hover-type-none\"><img decoding=\"async\" src=\"\" alt=\"\"\/><\/div><div class=\"awb-imageframe-caption-container\" style=\"text-align:center;\"><div class=\"awb-imageframe-caption\"><h2 class=\"awb-imageframe-caption-title\">Marcin Kempi\u0144ski<\/h2><p class=\"awb-imageframe-caption-text\">mgr<\/p><\/div><\/div><\/div><\/li><li class=\"fusion-carousel-item\"><div class=\"fusion-carousel-item-wrapper\"><div class=\"fusion-image-wrapper hover-type-none\"><img decoding=\"async\" src=\"\" alt=\"\"\/><\/div><div class=\"awb-imageframe-caption-container\" style=\"text-align:center;\"><div class=\"awb-imageframe-caption\"><h2 class=\"awb-imageframe-caption-title\">Piotr Kotlarz<\/h2><p class=\"awb-imageframe-caption-text\">dr <\/p><\/div><\/div><\/div><\/li><\/ul><div class=\"fusion-carousel-nav\"><span class=\"fusion-nav-prev\"><\/span><span class=\"fusion-nav-next\"><\/span><\/div><\/div><\/div><\/div><div style=\"text-align:center;\"><span class=\" fusion-imageframe imageframe-none imageframe-3 hover-type-none\" style=\"max-width:450px;\"><img decoding=\"async\" width=\"868\" height=\"372\" src=\"http:\/\/wodadlakujaw.pl\/wp-content\/uploads\/2022\/02\/l1.png\" alt class=\"img-responsive wp-image-440\" srcset=\"http:\/\/wodadlakujaw.pl\/wp-content\/uploads\/2022\/02\/l1-200x86.png 200w, http:\/\/wodadlakujaw.pl\/wp-content\/uploads\/2022\/02\/l1-400x171.png 400w, http:\/\/wodadlakujaw.pl\/wp-content\/uploads\/2022\/02\/l1-600x257.png 600w, http:\/\/wodadlakujaw.pl\/wp-content\/uploads\/2022\/02\/l1-800x343.png 800w, http:\/\/wodadlakujaw.pl\/wp-content\/uploads\/2022\/02\/l1.png 868w\" sizes=\"(max-width: 640px) 100vw, 868px\" \/><\/span><\/div><div class=\"fusion-image-carousel fusion-image-carousel-fixed fusion-image-carousel-3 awb-image-carousel-top-below-caption\"><div class=\"fusion-carousel awb-imageframe-style awb-imageframe-style-below awb-imageframe-style-3\" data-autoplay=\"no\" data-columns=\"4\" data-itemmargin=\"10\" data-itemwidth=\"180\" data-touchscroll=\"no\" data-imagesize=\"fixed\"><div class=\"fusion-carousel-positioner\"><ul class=\"fusion-carousel-holder\"><li class=\"fusion-carousel-item\"><div class=\"fusion-carousel-item-wrapper\"><div class=\"fusion-image-wrapper hover-type-none\"><img decoding=\"async\" width=\"192\" height=\"202\" src=\"http:\/\/wodadlakujaw.pl\/wp-content\/uploads\/2022\/02\/Obraz14-192x202.png\" class=\"attachment-blog-medium size-blog-medium\" alt=\"\" \/><\/div><div class=\"awb-imageframe-caption-container\" style=\"text-align:center;\"><div class=\"awb-imageframe-caption\"><h2 class=\"awb-imageframe-caption-title\">Josip Zubac<\/h2><p class=\"awb-imageframe-caption-text\">Specjalista ds. produkcji ro\u015blinnej<\/p><\/div><\/div><\/div><\/li><li class=\"fusion-carousel-item\"><div class=\"fusion-carousel-item-wrapper\"><div class=\"fusion-image-wrapper hover-type-none\"><img decoding=\"async\" width=\"194\" height=\"164\" src=\"http:\/\/wodadlakujaw.pl\/wp-content\/uploads\/2022\/02\/Marek-Radzimierski.jpg\" class=\"attachment-blog-medium size-blog-medium\" alt=\"\" \/><\/div><div class=\"awb-imageframe-caption-container\" style=\"text-align:center;\"><div class=\"awb-imageframe-caption\"><h2 class=\"awb-imageframe-caption-title\">Marek Radzimierski<\/h2><p class=\"awb-imageframe-caption-text\">G\u0142\u00f3wny specjalista ds. zb\u00f3\u017c<\/p><\/div><\/div><\/div><\/li><\/ul><div class=\"fusion-carousel-nav\"><span class=\"fusion-nav-prev\"><\/span><span class=\"fusion-nav-next\"><\/span><\/div><\/div><\/div><\/div><div class=\"fusion-text fusion-text-1\"><h5 style=\"text-align: center;\"><strong>Rolnicy z Kujaw<\/strong><\/h5>\n<\/div><div class=\"fusion-image-carousel fusion-image-carousel-fixed fusion-image-carousel-4 awb-image-carousel-top-below-caption\"><div class=\"fusion-carousel awb-imageframe-style awb-imageframe-style-below awb-imageframe-style-4\" data-autoplay=\"no\" data-columns=\"4\" data-itemmargin=\"10\" data-itemwidth=\"180\" data-touchscroll=\"no\" data-imagesize=\"fixed\"><div class=\"fusion-carousel-positioner\"><ul class=\"fusion-carousel-holder\"><li class=\"fusion-carousel-item\"><div class=\"fusion-carousel-item-wrapper\"><div class=\"fusion-image-wrapper hover-type-none\"><img decoding=\"async\" width=\"183\" height=\"202\" src=\"http:\/\/wodadlakujaw.pl\/wp-content\/uploads\/2022\/02\/Obraz15-183x202.jpg\" class=\"attachment-blog-medium size-blog-medium\" alt=\"\" \/><\/div><div class=\"awb-imageframe-caption-container\" style=\"text-align:center;\"><div class=\"awb-imageframe-caption\"><h2 class=\"awb-imageframe-caption-title\">Marcin \u0141ada<\/h2><p class=\"awb-imageframe-caption-text\">dr in\u017c.<\/p><\/div><\/div><\/div><\/li><li class=\"fusion-carousel-item\"><div class=\"fusion-carousel-item-wrapper\"><div class=\"fusion-image-wrapper hover-type-none\"><img decoding=\"async\" width=\"183\" height=\"202\" src=\"http:\/\/wodadlakujaw.pl\/wp-content\/uploads\/2022\/02\/Obraz16-183x202.jpg\" class=\"attachment-blog-medium size-blog-medium\" alt=\"\" \/><\/div><div class=\"awb-imageframe-caption-container\" style=\"text-align:center;\"><div class=\"awb-imageframe-caption\"><h2 class=\"awb-imageframe-caption-title\">\u0141ukasz Busse<\/h2><p class=\"awb-imageframe-caption-text\">mgr in\u017c.<\/p><\/div><\/div><\/div><\/li><li class=\"fusion-carousel-item\"><div class=\"fusion-carousel-item-wrapper\"><div class=\"fusion-image-wrapper hover-type-none\"><img decoding=\"async\" width=\"180\" height=\"202\" src=\"http:\/\/wodadlakujaw.pl\/wp-content\/uploads\/2022\/02\/Obraz17-180x202.jpg\" class=\"attachment-blog-medium size-blog-medium\" alt=\"\" \/><\/div><div class=\"awb-imageframe-caption-container\" style=\"text-align:center;\"><div class=\"awb-imageframe-caption\"><h2 class=\"awb-imageframe-caption-title\">Jacek Drw\u0119ski<\/h2><\/div><\/div><\/div><\/li><\/ul><div class=\"fusion-carousel-nav\"><span class=\"fusion-nav-prev\"><\/span><span class=\"fusion-nav-next\"><\/span><\/div><\/div><\/div><\/div><\/div><style type=\"text\/css\">.fusion-body .fusion-builder-column-0{width:100% !important;margin-top : 0px;margin-bottom : 20px;}.fusion-builder-column-0 > .fusion-column-wrapper {padding-top : 0px !important;padding-right : 0px !important;margin-right : 1.92%;padding-bottom : 0px !important;padding-left : 0px !important;margin-left : 1.92%;}@media only screen and (max-width:1024px) {.fusion-body .fusion-builder-column-0{width:100% !important;order : 0;}.fusion-builder-column-0 > .fusion-column-wrapper {margin-right : 1.92%;margin-left : 1.92%;}}@media only screen and (max-width:640px) {.fusion-body .fusion-builder-column-0{width:100% !important;order : 0;}.fusion-builder-column-0 > .fusion-column-wrapper {margin-right : 1.92%;margin-left : 1.92%;}}<\/style><\/div><\/div><style type=\"text\/css\">.fusion-body .fusion-flex-container.fusion-builder-row-1{ padding-top : 0px;margin-top : 0px;padding-right : 0px;padding-bottom : 0px;margin-bottom : 0px;padding-left : 0px;}<\/style><\/div>\n","protected":false},"excerpt":{"rendered":"","protected":false},"author":2,"featured_media":0,"parent":255,"menu_order":2,"comment_status":"closed","ping_status":"closed","template":"","meta":{"footnotes":""},"class_list":["post-276","page","type-page","status-publish","hentry"],"_links":{"self":[{"href":"http:\/\/wodadlakujaw.pl\/index.php\/wp-json\/wp\/v2\/pages\/276","targetHints":{"allow":["GET"]}}],"collection":[{"href":"http:\/\/wodadlakujaw.pl\/index.php\/wp-json\/wp\/v2\/pages"}],"about":[{"href":"http:\/\/wodadlakujaw.pl\/index.php\/wp-json\/wp\/v2\/types\/page"}],"author":[{"embeddable":true,"href":"http:\/\/wodadlakujaw.pl\/index.php\/wp-json\/wp\/v2\/users\/2"}],"replies":[{"embeddable":true,"href":"http:\/\/wodadlakujaw.pl\/index.php\/wp-json\/wp\/v2\/comments?post=276"}],"version-history":[{"count":18,"href":"http:\/\/wodadlakujaw.pl\/index.php\/wp-json\/wp\/v2\/pages\/276\/revisions"}],"predecessor-version":[{"id":642,"href":"http:\/\/wodadlakujaw.pl\/index.php\/wp-json\/wp\/v2\/pages\/276\/revisions\/642"}],"up":[{"embeddable":true,"href":"http:\/\/wodadlakujaw.pl\/index.php\/wp-json\/wp\/v2\/pages\/255"}],"wp:attachment":[{"href":"http:\/\/wodadlakujaw.pl\/index.php\/wp-json\/wp\/v2\/media?parent=276"}],"curies":[{"name":"wp","href":"https:\/\/api.w.org\/{rel}","templated":true}]}}