{"id":682,"date":"2022-03-24T12:03:06","date_gmt":"2022-03-24T11:03:06","guid":{"rendered":"http:\/\/wodadlakujaw.pl\/?page_id=682"},"modified":"2022-04-01T12:47:58","modified_gmt":"2022-04-01T10:47:58","slug":"harmonogram-operacji","status":"publish","type":"page","link":"http:\/\/wodadlakujaw.pl\/index.php\/o-operacji\/harmonogram-operacji\/","title":{"rendered":"Harmonogram operacji"},"content":{"rendered":"<div class=\"fusion-fullwidth fullwidth-box fusion-builder-row-1 fusion-flex-container nonhundred-percent-fullwidth non-hundred-percent-height-scrolling\" style=\"background-color: rgba(255,255,255,0);background-position: center center;background-repeat: no-repeat;border-width: 0px 0px 0px 0px;border-color:var(--awb-color3);border-style:solid;\" ><div class=\"fusion-builder-row fusion-row fusion-flex-align-items-flex-start\" style=\"max-width:1248px;margin-left: calc(-4% \/ 2 );margin-right: calc(-4% \/ 2 );\"><div class=\"fusion-layout-column fusion_builder_column fusion-builder-column-0 fusion_builder_column_1_1 1_1 fusion-flex-column\"><div class=\"fusion-column-wrapper fusion-flex-justify-content-flex-start fusion-content-layout-column\" style=\"background-position:left top;background-blend-mode: overlay;background-repeat:no-repeat;-webkit-background-size:cover;-moz-background-size:cover;-o-background-size:cover;background-size:cover;padding: 0px 0px 0px 0px;\"><div class=\"fusion-text fusion-text-1\"><\/p>\n<h5 data-fontsize=\"20\" data-lineheight=\"24px\" class=\"fusion-responsive-typography-calculated\" style=\"--fontSize:20; line-height: 1.2; --minFontSize:20;\"><span style=\"color: #198fd9;\">WODA DLA KUJAW to innowacyjny system monitoringu i prognozowania agromet eorologicznego oraz operacyjnego planowania nawodnie\u0144 w gospodarstwach rolnych na Kujawach<\/span><\/h5><\/p>\n<\/div><div class=\"fusion-builder-row fusion-builder-row-inner fusion-row fusion-flex-align-items-flex-start\" style=\"width:104% !important;max-width:104% !important;margin-left: calc(-4% \/ 2 );margin-right: calc(-4% \/ 2 );\"><div class=\"fusion-layout-column fusion_builder_column_inner fusion-builder-nested-column-0 fusion_builder_column_inner_1_3 1_3 fusion-flex-column\"><div class=\"fusion-column-wrapper fusion-flex-justify-content-flex-start fusion-content-layout-column\" style=\"background-position:left top;background-repeat:no-repeat;-webkit-background-size:cover;-moz-background-size:cover;-o-background-size:cover;background-size:cover;padding: 0px 0px 0px 0px;\"><div ><span class=\" fusion-imageframe imageframe-none imageframe-1 hover-type-zoomin\"><a class=\"fusion-no-lightbox\" href=\"http:\/\/wodadlakujaw.pl\/index.php\/o-operacji\/cel-i-zadania\/#body-cel\" target=\"_self\" aria-label=\"Kafelek Cel i zadania\"><img decoding=\"async\" width=\"960\" height=\"720\" src=\"http:\/\/wodadlakujaw.pl\/wp-content\/uploads\/2022\/03\/Kafelek-Cel-i-zadania.jpg\" alt class=\"img-responsive wp-image-653\" srcset=\"http:\/\/wodadlakujaw.pl\/wp-content\/uploads\/2022\/03\/Kafelek-Cel-i-zadania-200x150.jpg 200w, http:\/\/wodadlakujaw.pl\/wp-content\/uploads\/2022\/03\/Kafelek-Cel-i-zadania-400x300.jpg 400w, http:\/\/wodadlakujaw.pl\/wp-content\/uploads\/2022\/03\/Kafelek-Cel-i-zadania-600x450.jpg 600w, http:\/\/wodadlakujaw.pl\/wp-content\/uploads\/2022\/03\/Kafelek-Cel-i-zadania-800x600.jpg 800w, http:\/\/wodadlakujaw.pl\/wp-content\/uploads\/2022\/03\/Kafelek-Cel-i-zadania.jpg 960w\" sizes=\"(max-width: 640px) 100vw, 400px\" \/><\/a><\/span><\/div><\/div><style type=\"text\/css\">.fusion-body .fusion-builder-nested-column-0{width:33.333333333333% !important;margin-top : 0px;margin-bottom : 20px;}.fusion-builder-nested-column-0 > .fusion-column-wrapper {padding-top : 0px !important;padding-right : 0px !important;margin-right : 5.76%;padding-bottom : 0px !important;padding-left : 0px !important;margin-left : 5.76%;}@media only screen and (max-width:1024px) {.fusion-body .fusion-builder-nested-column-0{width:33.333333333333% !important;order : 0;}.fusion-builder-nested-column-0 > .fusion-column-wrapper {margin-right : 5.76%;margin-left : 5.76%;}}@media only screen and (max-width:640px) {.fusion-body .fusion-builder-nested-column-0{width:100% !important;order : 0;}.fusion-builder-nested-column-0 > .fusion-column-wrapper {margin-right : 1.92%;margin-left : 1.92%;}}<\/style><\/div><div class=\"fusion-layout-column fusion_builder_column_inner fusion-builder-nested-column-1 fusion_builder_column_inner_1_3 1_3 fusion-flex-column\"><div class=\"fusion-column-wrapper fusion-flex-justify-content-flex-start fusion-content-layout-column\" style=\"background-position:left top;background-repeat:no-repeat;-webkit-background-size:cover;-moz-background-size:cover;-o-background-size:cover;background-size:cover;padding: 0px 0px 0px 0px;\"><div ><span class=\" fusion-imageframe imageframe-none imageframe-2 hover-type-zoomin\"><a class=\"fusion-no-lightbox\" href=\"http:\/\/wodadlakujaw.pl\/index.php\/o-operacji\/miejsce-operacji\/#body-miejsce\" target=\"_self\" aria-label=\"Kafelek Miejsce operacji\"><img decoding=\"async\" width=\"960\" height=\"720\" src=\"http:\/\/wodadlakujaw.pl\/wp-content\/uploads\/2022\/03\/Kafelek-Miejsce-operacji.jpg\" alt class=\"img-responsive wp-image-652\" srcset=\"http:\/\/wodadlakujaw.pl\/wp-content\/uploads\/2022\/03\/Kafelek-Miejsce-operacji-200x150.jpg 200w, http:\/\/wodadlakujaw.pl\/wp-content\/uploads\/2022\/03\/Kafelek-Miejsce-operacji-400x300.jpg 400w, http:\/\/wodadlakujaw.pl\/wp-content\/uploads\/2022\/03\/Kafelek-Miejsce-operacji-600x450.jpg 600w, http:\/\/wodadlakujaw.pl\/wp-content\/uploads\/2022\/03\/Kafelek-Miejsce-operacji-800x600.jpg 800w, http:\/\/wodadlakujaw.pl\/wp-content\/uploads\/2022\/03\/Kafelek-Miejsce-operacji.jpg 960w\" sizes=\"(max-width: 640px) 100vw, 400px\" \/><\/a><\/span><\/div><\/div><style type=\"text\/css\">.fusion-body .fusion-builder-nested-column-1{width:33.333333333333% !important;margin-top : 0px;margin-bottom : 20px;}.fusion-builder-nested-column-1 > .fusion-column-wrapper {padding-top : 0px !important;padding-right : 0px !important;margin-right : 5.76%;padding-bottom : 0px !important;padding-left : 0px !important;margin-left : 5.76%;}@media only screen and (max-width:1024px) {.fusion-body .fusion-builder-nested-column-1{width:33.333333333333% !important;order : 0;}.fusion-builder-nested-column-1 > .fusion-column-wrapper {margin-right : 5.76%;margin-left : 5.76%;}}@media only screen and (max-width:640px) {.fusion-body .fusion-builder-nested-column-1{width:100% !important;order : 0;}.fusion-builder-nested-column-1 > .fusion-column-wrapper {margin-right : 1.92%;margin-left : 1.92%;}}<\/style><\/div><div class=\"fusion-layout-column fusion_builder_column_inner fusion-builder-nested-column-2 fusion_builder_column_inner_1_3 1_3 fusion-flex-column\"><div class=\"fusion-column-wrapper fusion-flex-justify-content-flex-start fusion-content-layout-column\" style=\"background-position:left top;background-repeat:no-repeat;-webkit-background-size:cover;-moz-background-size:cover;-o-background-size:cover;background-size:cover;padding: 0px 0px 0px 0px;\"><div style=\"text-align:center;\"><style>.fusion-imageframe.imageframe-3 img{-webkit-mask-image:url(http:\/\/wodadlakujaw.pl\/wp-content\/plugins\/fusion-builder\/\/assets\/images\/masks\/mask-10.svg);-mask-image:url(http:\/\/wodadlakujaw.pl\/wp-content\/plugins\/fusion-builder\/\/assets\/images\/masks\/mask-10.svg);-webkit-mask-size:cover;-mask-size:cover;-webkit-mask-position:bottom center;-mask-position:bottom center;}<\/style><span class=\" fusion-imageframe imageframe-none imageframe-3 hover-type-none has-mask\"><img decoding=\"async\" width=\"960\" height=\"720\" title=\"Kafelek Harmonogram\" src=\"http:\/\/wodadlakujaw.pl\/wp-content\/uploads\/2022\/03\/Kafelek-Harmonogram.jpg\" alt class=\"img-responsive wp-image-651\" srcset=\"http:\/\/wodadlakujaw.pl\/wp-content\/uploads\/2022\/03\/Kafelek-Harmonogram-200x150.jpg 200w, http:\/\/wodadlakujaw.pl\/wp-content\/uploads\/2022\/03\/Kafelek-Harmonogram-400x300.jpg 400w, http:\/\/wodadlakujaw.pl\/wp-content\/uploads\/2022\/03\/Kafelek-Harmonogram-600x450.jpg 600w, http:\/\/wodadlakujaw.pl\/wp-content\/uploads\/2022\/03\/Kafelek-Harmonogram-800x600.jpg 800w, http:\/\/wodadlakujaw.pl\/wp-content\/uploads\/2022\/03\/Kafelek-Harmonogram.jpg 960w\" sizes=\"(max-width: 640px) 100vw, 400px\" \/><\/span><\/div><\/div><style type=\"text\/css\">.fusion-body .fusion-builder-nested-column-2{width:33.333333333333% !important;margin-top : 0px;margin-bottom : 20px;}.fusion-builder-nested-column-2 > .fusion-column-wrapper {padding-top : 0px !important;padding-right : 0px !important;margin-right : 5.76%;padding-bottom : 0px !important;padding-left : 0px !important;margin-left : 5.76%;}@media only screen and (max-width:1024px) {.fusion-body .fusion-builder-nested-column-2{width:33.333333333333% !important;order : 0;}.fusion-builder-nested-column-2 > .fusion-column-wrapper {margin-right : 5.76%;margin-left : 5.76%;}}@media only screen and (max-width:640px) {.fusion-body .fusion-builder-nested-column-2{width:100% !important;order : 0;}.fusion-builder-nested-column-2 > .fusion-column-wrapper {margin-right : 1.92%;margin-left : 1.92%;}}<\/style><\/div><div class=\"fusion-layout-column fusion_builder_column_inner fusion-builder-nested-column-3 fusion_builder_column_inner_1_6 1_6 fusion-flex-column\"><div class=\"fusion-column-wrapper fusion-flex-justify-content-flex-start fusion-content-layout-column\" style=\"background-position:left top;background-repeat:no-repeat;-webkit-background-size:cover;-moz-background-size:cover;-o-background-size:cover;background-size:cover;padding: 0px 0px 0px 0px;\"><\/div><style type=\"text\/css\">.fusion-body .fusion-builder-nested-column-3{width:16.666666666667% !important;margin-top : 0px;margin-bottom : 20px;}.fusion-builder-nested-column-3 > .fusion-column-wrapper {padding-top : 0px !important;padding-right : 0px !important;margin-right : 11.52%;padding-bottom : 0px !important;padding-left : 0px !important;margin-left : 11.52%;}@media only screen and (max-width:1024px) {.fusion-body .fusion-builder-nested-column-3{width:16.666666666667% !important;order : 0;}.fusion-builder-nested-column-3 > .fusion-column-wrapper {margin-right : 11.52%;margin-left : 11.52%;}}@media only screen and (max-width:640px) {.fusion-body .fusion-builder-nested-column-3{width:100% !important;order : 0;}.fusion-builder-nested-column-3 > .fusion-column-wrapper {margin-right : 1.92%;margin-left : 1.92%;}}<\/style><\/div><div class=\"fusion-layout-column fusion_builder_column_inner fusion-builder-nested-column-4 fusion_builder_column_inner_1_3 1_3 fusion-flex-column\"><div class=\"fusion-column-wrapper fusion-flex-justify-content-flex-start fusion-content-layout-column\" style=\"background-position:left top;background-repeat:no-repeat;-webkit-background-size:cover;-moz-background-size:cover;-o-background-size:cover;background-size:cover;padding: 0px 0px 0px 0px;\"><div ><span class=\" fusion-imageframe imageframe-none imageframe-4 hover-type-zoomin\"><a class=\"fusion-no-lightbox\" href=\"http:\/\/wodadlakujaw.pl\/index.php\/o-operacji\/system-doradczy\/#body-system\" target=\"_self\" aria-label=\"Kafelek System doradczy\"><img decoding=\"async\" width=\"960\" height=\"720\" src=\"http:\/\/wodadlakujaw.pl\/wp-content\/uploads\/2022\/03\/Kafelek-System-doradczy.jpg\" alt class=\"img-responsive wp-image-650\" srcset=\"http:\/\/wodadlakujaw.pl\/wp-content\/uploads\/2022\/03\/Kafelek-System-doradczy-200x150.jpg 200w, http:\/\/wodadlakujaw.pl\/wp-content\/uploads\/2022\/03\/Kafelek-System-doradczy-400x300.jpg 400w, http:\/\/wodadlakujaw.pl\/wp-content\/uploads\/2022\/03\/Kafelek-System-doradczy-600x450.jpg 600w, http:\/\/wodadlakujaw.pl\/wp-content\/uploads\/2022\/03\/Kafelek-System-doradczy-800x600.jpg 800w, http:\/\/wodadlakujaw.pl\/wp-content\/uploads\/2022\/03\/Kafelek-System-doradczy.jpg 960w\" sizes=\"(max-width: 640px) 100vw, 400px\" \/><\/a><\/span><\/div><\/div><style type=\"text\/css\">.fusion-body .fusion-builder-nested-column-4{width:33.333333333333% !important;margin-top : 0px;margin-bottom : 20px;}.fusion-builder-nested-column-4 > .fusion-column-wrapper {padding-top : 0px !important;padding-right : 0px !important;margin-right : 5.76%;padding-bottom : 0px !important;padding-left : 0px !important;margin-left : 5.76%;}@media only screen and (max-width:1024px) {.fusion-body .fusion-builder-nested-column-4{width:33.333333333333% !important;order : 0;}.fusion-builder-nested-column-4 > .fusion-column-wrapper {margin-right : 5.76%;margin-left : 5.76%;}}@media only screen and (max-width:640px) {.fusion-body .fusion-builder-nested-column-4{width:100% !important;order : 0;}.fusion-builder-nested-column-4 > .fusion-column-wrapper {margin-right : 1.92%;margin-left : 1.92%;}}<\/style><\/div><div class=\"fusion-layout-column fusion_builder_column_inner fusion-builder-nested-column-5 fusion_builder_column_inner_1_3 1_3 fusion-flex-column\"><div class=\"fusion-column-wrapper fusion-flex-justify-content-flex-start fusion-content-layout-column\" style=\"background-position:left top;background-repeat:no-repeat;-webkit-background-size:cover;-moz-background-size:cover;-o-background-size:cover;background-size:cover;padding: 0px 0px 0px 0px;\"><div ><span class=\" fusion-imageframe imageframe-none imageframe-5 hover-type-zoomin\"><a class=\"fusion-no-lightbox\" href=\"http:\/\/wodadlakujaw.pl\/index.php\/o-operacji\/produkty-innowacje\/#body-produkty\" target=\"_self\" aria-label=\"Kafelek Produkty &#8211; innowacje i korzy\u015bci\"><img decoding=\"async\" width=\"960\" height=\"720\" src=\"http:\/\/wodadlakujaw.pl\/wp-content\/uploads\/2022\/03\/Kafelek-Produkty-innowacje-i-korzysci-1.jpg\" alt class=\"img-responsive wp-image-654\" srcset=\"http:\/\/wodadlakujaw.pl\/wp-content\/uploads\/2022\/03\/Kafelek-Produkty-innowacje-i-korzysci-1-200x150.jpg 200w, http:\/\/wodadlakujaw.pl\/wp-content\/uploads\/2022\/03\/Kafelek-Produkty-innowacje-i-korzysci-1-400x300.jpg 400w, http:\/\/wodadlakujaw.pl\/wp-content\/uploads\/2022\/03\/Kafelek-Produkty-innowacje-i-korzysci-1-600x450.jpg 600w, http:\/\/wodadlakujaw.pl\/wp-content\/uploads\/2022\/03\/Kafelek-Produkty-innowacje-i-korzysci-1-800x600.jpg 800w, http:\/\/wodadlakujaw.pl\/wp-content\/uploads\/2022\/03\/Kafelek-Produkty-innowacje-i-korzysci-1.jpg 960w\" sizes=\"(max-width: 640px) 100vw, 400px\" \/><\/a><\/span><\/div><\/div><style type=\"text\/css\">.fusion-body .fusion-builder-nested-column-5{width:33.333333333333% !important;margin-top : 0px;margin-bottom : 20px;}.fusion-builder-nested-column-5 > .fusion-column-wrapper {padding-top : 0px !important;padding-right : 0px !important;margin-right : 5.76%;padding-bottom : 0px !important;padding-left : 0px !important;margin-left : 5.76%;}@media only screen and (max-width:1024px) {.fusion-body .fusion-builder-nested-column-5{width:33.333333333333% !important;order : 0;}.fusion-builder-nested-column-5 > .fusion-column-wrapper {margin-right : 5.76%;margin-left : 5.76%;}}@media only screen and (max-width:640px) {.fusion-body .fusion-builder-nested-column-5{width:100% !important;order : 0;}.fusion-builder-nested-column-5 > .fusion-column-wrapper {margin-right : 1.92%;margin-left : 1.92%;}}<\/style><\/div><div class=\"fusion-layout-column fusion_builder_column_inner fusion-builder-nested-column-6 fusion_builder_column_inner_1_6 1_6 fusion-flex-column\"><div class=\"fusion-column-wrapper fusion-flex-justify-content-flex-start fusion-content-layout-column\" style=\"background-position:left top;background-repeat:no-repeat;-webkit-background-size:cover;-moz-background-size:cover;-o-background-size:cover;background-size:cover;padding: 0px 0px 0px 0px;\"><\/div><style type=\"text\/css\">.fusion-body .fusion-builder-nested-column-6{width:16.666666666667% !important;margin-top : 0px;margin-bottom : 20px;}.fusion-builder-nested-column-6 > .fusion-column-wrapper {padding-top : 0px !important;padding-right : 0px !important;margin-right : 11.52%;padding-bottom : 0px !important;padding-left : 0px !important;margin-left : 11.52%;}@media only screen and (max-width:1024px) {.fusion-body .fusion-builder-nested-column-6{width:16.666666666667% !important;order : 0;}.fusion-builder-nested-column-6 > .fusion-column-wrapper {margin-right : 11.52%;margin-left : 11.52%;}}@media only screen and (max-width:640px) {.fusion-body .fusion-builder-nested-column-6{width:100% !important;order : 0;}.fusion-builder-nested-column-6 > .fusion-column-wrapper {margin-right : 1.92%;margin-left : 1.92%;}}<\/style><\/div><\/div><div class=\"table-2\" id=\"body-harmonogram\">\n<table width=\"100%\">\n<thead>\n<tr>\n<th style=\"text-align: center;\" align=\"left\"><strong>Numer etapu<\/strong><\/th>\n<th style=\"text-align: center;\" align=\"left\"><strong>Czas trwania<\/strong><\/th>\n<th style=\"text-align: center;\" align=\"left\"><strong>Miesi\u0105ce<\/strong><\/th>\n<th style=\"text-align: center;\" align=\"left\"><strong>Zadania<\/strong><\/th>\n<\/tr>\n<\/thead>\n<tbody>\n<tr>\n<td style=\"text-align: center;\" align=\"left\">I<\/td>\n<td style=\"text-align: center;\" align=\"left\">3 m-ce<\/td>\n<td style=\"text-align: center;\" align=\"left\">sierpie\u0144 \u2013 pa\u017adziernik 2020<\/td>\n<td style=\"text-align: center;\" align=\"left\">\n<p>Inwestycje,<br>Opracowanie bazy danych agro-meteorologicznych, algorytm\u00f3w i modeli matematycznych<br><span style=\"font-family: inherit; font-size: inherit;\">Badania polowe<\/span><\/p>\n<\/td>\n<\/tr>\n<tr>\n<td style=\"text-align: center;\" align=\"left\">II<\/td>\n<td style=\"text-align: center;\" align=\"left\">6 m-cy<\/td>\n<td style=\"text-align: center;\" align=\"left\">listopad 2020 \u2013 kwiecie\u0144 2021<\/td>\n<td style=\"text-align: center;\" align=\"left\">Opracowanie modu\u0142u monitoringu agro-meteorologicznego i systemu informatycznego,<br>Doskonalenie algorytm\u00f3w<\/td>\n<\/tr>\n<tr>\n<td style=\"text-align: center;\" align=\"left\">III<\/td>\n<td style=\"text-align: center;\" align=\"left\">8 m-cy<\/td>\n<td style=\"text-align: center;\" align=\"left\">maj \u2013 grudzie\u0144 2021<\/td>\n<td style=\"text-align: center;\" align=\"left\">\n<p>Opracowanie modu\u0142u prognozowania i operacyjnego planowania nawodnie\u0144,<br>Prototypowanie modeli,<br><span style=\"font-family: inherit; font-size: inherit;\">Badania polowe<\/span><\/p>\n<\/td>\n<\/tr>\n<tr>\n<td style=\"text-align: center;\" align=\"left\">IV<\/td>\n<td style=\"text-align: center;\" align=\"left\">7 m-cy<\/td>\n<td style=\"text-align: center;\" align=\"left\">stycze\u0144 \u2013 lipiec 2022<\/td>\n<td style=\"text-align: center;\" align=\"left\">\n<p>Integracja modu\u0142\u00f3w i testowanie systemu,<br>Analiza ekonomiczna stosowania nawodnie\u0144,<br><span style=\"font-family: inherit; font-size: inherit;\">Badania polowe<\/span><\/p>\n<\/td>\n<\/tr>\n<\/tbody>\n<\/table>\n<\/div><div style=\"text-align:center;\"><style>.fusion-button.button-1{border-radius:4px 4px 4px 4px;font-family:\"Prosto One\";font-weight:400;}<\/style><a class=\"fusion-button button-flat fusion-button-default-size button-default button-1 fusion-button-span-yes fusion-button-default-type\" target=\"_self\" href=\"http:\/\/wodadlakujaw.pl\/wp-content\/uploads\/2022\/02\/Poster_Woda_dla_Kujaw_Grupa_Operacyjna.pdf\" style=\"margin-bottom:10px;\"><span class=\"fusion-button-text\">Pobierz poster Woda dla Kujaw<\/span><\/a><\/div><\/div><style type=\"text\/css\">.fusion-body .fusion-builder-column-0{width:100% !important;margin-top : 0px;margin-bottom : 0px;}.fusion-builder-column-0 > .fusion-column-wrapper {padding-top : 0px !important;padding-right : 0px !important;margin-right : 1.92%;padding-bottom : 0px !important;padding-left : 0px !important;margin-left : 1.92%;}@media only screen and (max-width:1024px) {.fusion-body .fusion-builder-column-0{width:100% !important;}.fusion-builder-column-0 > .fusion-column-wrapper {margin-right : 1.92%;margin-left : 1.92%;}}@media only screen and (max-width:640px) {.fusion-body .fusion-builder-column-0{width:100% !important;}.fusion-builder-column-0 > .fusion-column-wrapper {margin-right : 1.92%;margin-left : 1.92%;}}<\/style><\/div><\/div><style type=\"text\/css\">.fusion-body .fusion-flex-container.fusion-builder-row-1{ padding-top : 0px;margin-top : 0px;padding-right : 0px;padding-bottom : 0px;margin-bottom : 0px;padding-left : 0px;}<\/style><\/div>","protected":false},"excerpt":{"rendered":"","protected":false},"author":2,"featured_media":0,"parent":14,"menu_order":0,"comment_status":"closed","ping_status":"closed","template":"","meta":{"footnotes":""},"class_list":["post-682","page","type-page","status-publish","hentry"],"_links":{"self":[{"href":"http:\/\/wodadlakujaw.pl\/index.php\/wp-json\/wp\/v2\/pages\/682","targetHints":{"allow":["GET"]}}],"collection":[{"href":"http:\/\/wodadlakujaw.pl\/index.php\/wp-json\/wp\/v2\/pages"}],"about":[{"href":"http:\/\/wodadlakujaw.pl\/index.php\/wp-json\/wp\/v2\/types\/page"}],"author":[{"embeddable":true,"href":"http:\/\/wodadlakujaw.pl\/index.php\/wp-json\/wp\/v2\/users\/2"}],"replies":[{"embeddable":true,"href":"http:\/\/wodadlakujaw.pl\/index.php\/wp-json\/wp\/v2\/comments?post=682"}],"version-history":[{"count":9,"href":"http:\/\/wodadlakujaw.pl\/index.php\/wp-json\/wp\/v2\/pages\/682\/revisions"}],"predecessor-version":[{"id":737,"href":"http:\/\/wodadlakujaw.pl\/index.php\/wp-json\/wp\/v2\/pages\/682\/revisions\/737"}],"up":[{"embeddable":true,"href":"http:\/\/wodadlakujaw.pl\/index.php\/wp-json\/wp\/v2\/pages\/14"}],"wp:attachment":[{"href":"http:\/\/wodadlakujaw.pl\/index.php\/wp-json\/wp\/v2\/media?parent=682"}],"curies":[{"name":"wp","href":"https:\/\/api.w.org\/{rel}","templated":true}]}}