{"id":101,"date":"2021-08-30T13:12:57","date_gmt":"2021-08-30T11:12:57","guid":{"rendered":"http:\/\/wodadlakujaw.pl\/?page_id=101"},"modified":"2023-07-13T10:14:35","modified_gmt":"2023-07-13T08:14:35","slug":"monitoring-agrometeorologiczny","status":"publish","type":"page","link":"https:\/\/wodadlakujaw.pl\/index.php\/wyniki\/monitoring-agrometeorologiczny\/","title":{"rendered":"Monitoring Agrometeorologiczny"},"content":{"rendered":"<div class=\"fusion-fullwidth fullwidth-box fusion-builder-row-1 fusion-flex-container nonhundred-percent-fullwidth non-hundred-percent-height-scrolling\" style=\"background-color: rgba(255,255,255,0);background-position: center center;background-repeat: no-repeat;border-width: 0px 0px 0px 0px;border-color:var(--awb-color3);border-style:solid;\" ><div class=\"fusion-builder-row fusion-row fusion-flex-align-items-flex-start\" style=\"max-width:1248px;margin-left: calc(-4% \/ 2 );margin-right: calc(-4% \/ 2 );\"><div class=\"fusion-layout-column fusion_builder_column fusion-builder-column-0 fusion_builder_column_1_1 1_1 fusion-flex-column\"><div class=\"fusion-column-wrapper fusion-flex-justify-content-flex-start fusion-content-layout-column\" style=\"background-position:left top;background-repeat:no-repeat;-webkit-background-size:cover;-moz-background-size:cover;-o-background-size:cover;background-size:cover;padding: 0px 0px 0px 0px;\"><div class=\"fusion-blog-shortcode fusion-blog-shortcode-1 fusion-blog-archive fusion-blog-layout-medium fusion-blog-infinite\"><div class=\"fusion-posts-container fusion-posts-container-infinite fusion-no-meta-info fusion-blog-rollover\" data-pages=\"1\"><article id=\"blog-1-post-1200\" class=\"fusion-post-medium post-1200 post type-post status-publish format-standard has-post-thumbnail hentry category-agro-meteo\">\n\t<style type=\"text\/css\">\n\t\t\n\t\t\n\t\t\n\t\t\n\t\t\t<\/style>\n\n\n\t\t\t<div class=\"fusion-flexslider flexslider fusion-flexslider-loading fusion-post-slideshow\" style=\"\">\n\t\t<ul class=\"slides\">\n\t\t\t\n\t\t\t\t\t\t\t\t\t\t\t\t\t\t<li><div  class=\"fusion-image-wrapper fusion-image-size-fixed\" aria-haspopup=\"true\">\n\t\t\t\t<img decoding=\"async\" width=\"320\" height=\"202\" src=\"https:\/\/wodadlakujaw.pl\/wp-content\/uploads\/2022\/02\/weather-gd74803c5a_1280-320x202.jpg\" class=\"attachment-blog-medium size-blog-medium wp-post-image\" alt=\"\" srcset=\"https:\/\/wodadlakujaw.pl\/wp-content\/uploads\/2022\/02\/weather-gd74803c5a_1280-320x202.jpg 320w, https:\/\/wodadlakujaw.pl\/wp-content\/uploads\/2022\/02\/weather-gd74803c5a_1280-700x441.jpg 700w\" sizes=\"(max-width: 320px) 100vw, 320px\" \/><div class=\"fusion-rollover\">\n\t<div class=\"fusion-rollover-content\">\n\n\t\t\t\t\t\t\t\t\t\t\t\t\t\t<a class=\"fusion-rollover-link\" href=\"https:\/\/wodadlakujaw.pl\/index.php\/2025\/06\/30\/monitoring-agrometeorologiczny-na-kujawach-w-2025-roku\/\">Monitoring agrometeorologiczny na Kujawach w 2025 roku<\/a>\n\t\t\t\n\t\t\t\t\t\t\t\t\t\t\t\t\t\t\n\t\t\t\t\t\t\t\t\n\t\t\t\t\t\t\t\t\t\t\t\t\t<div class=\"fusion-rollover-sep\"><\/div>\n\t\t\t\t\n\t\t\t\t\t\t\t\t\t\t\t\t\t\t\t\t\t\t<a class=\"fusion-rollover-gallery\" href=\"https:\/\/wodadlakujaw.pl\/wp-content\/uploads\/2022\/02\/weather-gd74803c5a_1280.jpg\" data-id=\"1200\" data-rel=\"iLightbox[gallery]\" data-title=\"\" data-caption=\"\">\n\t\t\t\t\t\tGallery\t\t\t\t\t<\/a>\n\t\t\t\t\t\t\t\t\t\t\t\t\t\t\n\t\t\n\t\t\t\t\t\t\t\t\t\t\t\t<h4 class=\"fusion-rollover-title\">\n\t\t\t\t\t<a class=\"fusion-rollover-title-link\" href=\"https:\/\/wodadlakujaw.pl\/index.php\/2025\/06\/30\/monitoring-agrometeorologiczny-na-kujawach-w-2025-roku\/\">\n\t\t\t\t\t\tMonitoring agrometeorologiczny na Kujawach w 2025 roku\t\t\t\t\t<\/a>\n\t\t\t\t<\/h4>\n\t\t\t\n\t\t\t\t\t\t\t\t\t\t<div class=\"fusion-rollover-categories\"><a href=\"https:\/\/wodadlakujaw.pl\/index.php\/category\/agro-meteo\/\" rel=\"tag\">Monitoring agrometeorologiczni<\/a><\/div>\t\t\t\t\t\n\t\t\n\t\t\t\t\t\t<a class=\"fusion-link-wrapper\" href=\"https:\/\/wodadlakujaw.pl\/index.php\/2025\/06\/30\/monitoring-agrometeorologiczny-na-kujawach-w-2025-roku\/\" aria-label=\"Monitoring agrometeorologiczny na Kujawach w 2025 roku\"><\/a>\n\t<\/div>\n<\/div>\n<\/div>\n<\/li>\n\t\t\t\n\t\t\t\n\t\t\t\t\t\t\t\t\t\t\t\t\t\t\t\t\t\t\t\t\t\t\t\t\t\t\t\t\t\t\t\t\t\t\t\t\t\t\t\t\t\t\t\t\t\t\t\t\t\t\t\t\t\t\t\t\t\t\t\t\t\t\t\t\t\t\t\t<\/ul>\n\t<\/div>\n\t<div class=\"fusion-post-content post-content\"><h2 class=\"blog-shortcode-post-title entry-title\"><a href=\"https:\/\/wodadlakujaw.pl\/index.php\/2025\/06\/30\/monitoring-agrometeorologiczny-na-kujawach-w-2025-roku\/\">Monitoring agrometeorologiczny na Kujawach w 2025 roku<\/a><\/h2><div class=\"fusion-post-content-container\"><p> Na tej stronie prezentujemy informacje dotycz\u0105ce opad\u00f3w atmosferycznych, temperatury powietrza, klimatycznego bilansu wodnego w odniesieniu do norm wieloletnich oraz aktualne potrzeby nawodnie\u0144 wybranych upraw polowych. Raporty przedstawiane s\u0105 w [...]<\/p><\/div><\/div><div class=\"fusion-clearfix\"><\/div><\/article>\n<article id=\"blog-1-post-974\" class=\"fusion-post-medium post-974 post type-post status-publish format-standard has-post-thumbnail hentry category-agro-meteo\">\n\t<style type=\"text\/css\">\n\t\t\n\t\t\n\t\t\n\t\t\n\t\t\t<\/style>\n\n\n\t\t\t<div class=\"fusion-flexslider flexslider fusion-flexslider-loading fusion-post-slideshow\" style=\"\">\n\t\t<ul class=\"slides\">\n\t\t\t\n\t\t\t\t\t\t\t\t\t\t\t\t\t\t<li><div  class=\"fusion-image-wrapper fusion-image-size-fixed\" aria-haspopup=\"true\">\n\t\t\t\t<img decoding=\"async\" width=\"320\" height=\"202\" src=\"https:\/\/wodadlakujaw.pl\/wp-content\/uploads\/2022\/02\/weather-gd74803c5a_1280-320x202.jpg\" class=\"attachment-blog-medium size-blog-medium wp-post-image\" alt=\"\" srcset=\"https:\/\/wodadlakujaw.pl\/wp-content\/uploads\/2022\/02\/weather-gd74803c5a_1280-320x202.jpg 320w, https:\/\/wodadlakujaw.pl\/wp-content\/uploads\/2022\/02\/weather-gd74803c5a_1280-700x441.jpg 700w\" sizes=\"(max-width: 320px) 100vw, 320px\" \/><div class=\"fusion-rollover\">\n\t<div class=\"fusion-rollover-content\">\n\n\t\t\t\t\t\t\t\t\t\t\t\t\t\t<a class=\"fusion-rollover-link\" href=\"https:\/\/wodadlakujaw.pl\/index.php\/2024\/11\/21\/monitoring-agrometeorologiczny-na-kujawach-2024\/\">Monitoring agrometeorologiczny na Kujawach w 2024 roku<\/a>\n\t\t\t\n\t\t\t\t\t\t\t\t\t\t\t\t\t\t\n\t\t\t\t\t\t\t\t\n\t\t\t\t\t\t\t\t\t\t\t\t\t<div class=\"fusion-rollover-sep\"><\/div>\n\t\t\t\t\n\t\t\t\t\t\t\t\t\t\t\t\t\t\t\t\t\t\t<a class=\"fusion-rollover-gallery\" href=\"https:\/\/wodadlakujaw.pl\/wp-content\/uploads\/2022\/02\/weather-gd74803c5a_1280.jpg\" data-id=\"974\" data-rel=\"iLightbox[gallery]\" data-title=\"\" data-caption=\"\">\n\t\t\t\t\t\tGallery\t\t\t\t\t<\/a>\n\t\t\t\t\t\t\t\t\t\t\t\t\t\t\n\t\t\n\t\t\t\t\t\t\t\t\t\t\t\t<h4 class=\"fusion-rollover-title\">\n\t\t\t\t\t<a class=\"fusion-rollover-title-link\" href=\"https:\/\/wodadlakujaw.pl\/index.php\/2024\/11\/21\/monitoring-agrometeorologiczny-na-kujawach-2024\/\">\n\t\t\t\t\t\tMonitoring agrometeorologiczny na Kujawach w 2024 roku\t\t\t\t\t<\/a>\n\t\t\t\t<\/h4>\n\t\t\t\n\t\t\t\t\t\t\t\t\t\t<div class=\"fusion-rollover-categories\"><a href=\"https:\/\/wodadlakujaw.pl\/index.php\/category\/agro-meteo\/\" rel=\"tag\">Monitoring agrometeorologiczni<\/a><\/div>\t\t\t\t\t\n\t\t\n\t\t\t\t\t\t<a class=\"fusion-link-wrapper\" href=\"https:\/\/wodadlakujaw.pl\/index.php\/2024\/11\/21\/monitoring-agrometeorologiczny-na-kujawach-2024\/\" aria-label=\"Monitoring agrometeorologiczny na Kujawach w 2024 roku\"><\/a>\n\t<\/div>\n<\/div>\n<\/div>\n<\/li>\n\t\t\t\n\t\t\t\n\t\t\t\t\t\t\t\t\t\t\t\t\t\t\t\t\t\t\t\t\t\t\t\t\t\t\t\t\t\t\t\t\t\t\t\t\t\t\t\t\t\t\t\t\t\t\t\t\t\t\t\t\t\t\t\t\t\t\t\t\t\t\t\t\t\t\t\t<\/ul>\n\t<\/div>\n\t<div class=\"fusion-post-content post-content\"><h2 class=\"blog-shortcode-post-title entry-title\"><a href=\"https:\/\/wodadlakujaw.pl\/index.php\/2024\/11\/21\/monitoring-agrometeorologiczny-na-kujawach-2024\/\">Monitoring agrometeorologiczny na Kujawach w 2024 roku<\/a><\/h2><div class=\"fusion-post-content-container\"><p> Na tej stronie prezentujemy informacje dotycz\u0105ce opad\u00f3w atmosferycznych, temperatury powietrza, klimatycznego bilansu wodnego w odniesieniu do norm wieloletnich oraz aktualne potrzeby nawodnie\u0144 wybranych upraw polowych. Raporty przedstawiane s\u0105 w [...]<\/p><\/div><\/div><div class=\"fusion-clearfix\"><\/div><\/article>\n<article id=\"blog-1-post-935\" class=\"fusion-post-medium post-935 post type-post status-publish format-standard has-post-thumbnail hentry category-agro-meteo\">\n\t<style type=\"text\/css\">\n\t\t\n\t\t\n\t\t\n\t\t\n\t\t\t<\/style>\n\n\n\t\t\t<div class=\"fusion-flexslider flexslider fusion-flexslider-loading fusion-post-slideshow\" style=\"\">\n\t\t<ul class=\"slides\">\n\t\t\t\n\t\t\t\t\t\t\t\t\t\t\t\t\t\t<li><div  class=\"fusion-image-wrapper fusion-image-size-fixed\" aria-haspopup=\"true\">\n\t\t\t\t<img decoding=\"async\" width=\"320\" height=\"202\" src=\"https:\/\/wodadlakujaw.pl\/wp-content\/uploads\/2022\/02\/weather-gd74803c5a_1280-320x202.jpg\" class=\"attachment-blog-medium size-blog-medium wp-post-image\" alt=\"\" srcset=\"https:\/\/wodadlakujaw.pl\/wp-content\/uploads\/2022\/02\/weather-gd74803c5a_1280-320x202.jpg 320w, https:\/\/wodadlakujaw.pl\/wp-content\/uploads\/2022\/02\/weather-gd74803c5a_1280-700x441.jpg 700w\" sizes=\"(max-width: 320px) 100vw, 320px\" \/><div class=\"fusion-rollover\">\n\t<div class=\"fusion-rollover-content\">\n\n\t\t\t\t\t\t\t\t\t\t\t\t\t\t<a class=\"fusion-rollover-link\" href=\"https:\/\/wodadlakujaw.pl\/index.php\/2023\/06\/27\/monitoring-agrometeorologiczny-2023\/\">Monitoring agrometeorologiczny na Kujawach w 2023 roku<\/a>\n\t\t\t\n\t\t\t\t\t\t\t\t\t\t\t\t\t\t\n\t\t\t\t\t\t\t\t\n\t\t\t\t\t\t\t\t\t\t\t\t\t<div class=\"fusion-rollover-sep\"><\/div>\n\t\t\t\t\n\t\t\t\t\t\t\t\t\t\t\t\t\t\t\t\t\t\t<a class=\"fusion-rollover-gallery\" href=\"https:\/\/wodadlakujaw.pl\/wp-content\/uploads\/2022\/02\/weather-gd74803c5a_1280.jpg\" data-id=\"935\" data-rel=\"iLightbox[gallery]\" data-title=\"\" data-caption=\"\">\n\t\t\t\t\t\tGallery\t\t\t\t\t<\/a>\n\t\t\t\t\t\t\t\t\t\t\t\t\t\t\n\t\t\n\t\t\t\t\t\t\t\t\t\t\t\t<h4 class=\"fusion-rollover-title\">\n\t\t\t\t\t<a class=\"fusion-rollover-title-link\" href=\"https:\/\/wodadlakujaw.pl\/index.php\/2023\/06\/27\/monitoring-agrometeorologiczny-2023\/\">\n\t\t\t\t\t\tMonitoring agrometeorologiczny na Kujawach w 2023 roku\t\t\t\t\t<\/a>\n\t\t\t\t<\/h4>\n\t\t\t\n\t\t\t\t\t\t\t\t\t\t<div class=\"fusion-rollover-categories\"><a href=\"https:\/\/wodadlakujaw.pl\/index.php\/category\/agro-meteo\/\" rel=\"tag\">Monitoring agrometeorologiczni<\/a><\/div>\t\t\t\t\t\n\t\t\n\t\t\t\t\t\t<a class=\"fusion-link-wrapper\" href=\"https:\/\/wodadlakujaw.pl\/index.php\/2023\/06\/27\/monitoring-agrometeorologiczny-2023\/\" aria-label=\"Monitoring agrometeorologiczny na Kujawach w 2023 roku\"><\/a>\n\t<\/div>\n<\/div>\n<\/div>\n<\/li>\n\t\t\t\n\t\t\t\n\t\t\t\t\t\t\t\t\t\t\t\t\t\t\t\t\t\t\t\t\t\t\t\t\t\t\t\t\t\t\t\t\t\t\t\t\t\t\t\t\t\t\t\t\t\t\t\t\t\t\t\t\t\t\t\t\t\t\t\t\t\t\t\t\t\t\t\t<\/ul>\n\t<\/div>\n\t<div class=\"fusion-post-content post-content\"><h2 class=\"blog-shortcode-post-title entry-title\"><a href=\"https:\/\/wodadlakujaw.pl\/index.php\/2023\/06\/27\/monitoring-agrometeorologiczny-2023\/\">Monitoring agrometeorologiczny na Kujawach w 2023 roku<\/a><\/h2><div class=\"fusion-post-content-container\"><p> Na tej stronie prezentujemy informacje dotycz\u0105ce opad\u00f3w atmosferycznych, temperatury powietrza, klimatycznego bilansu wodnego w odniesieniu do norm wieloletnich oraz aktualne potrzeby nawodnie\u0144 wybranych upraw polowych. Raporty przedstawiane s\u0105 w [...]<\/p><\/div><\/div><div class=\"fusion-clearfix\"><\/div><\/article>\n<article id=\"blog-1-post-76\" class=\"fusion-post-medium post-76 post type-post status-publish format-standard has-post-thumbnail hentry category-sezon-wegetacyjny tag-poczatek-sezonu-wegetacyjnego\">\n\t<style type=\"text\/css\">\n\t\t\n\t\t\n\t\t\n\t\t\n\t\t\t<\/style>\n\n\n\t\t\t<div class=\"fusion-flexslider flexslider fusion-flexslider-loading fusion-post-slideshow\" style=\"\">\n\t\t<ul class=\"slides\">\n\t\t\t\n\t\t\t\t\t\t\t\t\t\t\t\t\t\t<li><div  class=\"fusion-image-wrapper fusion-image-size-fixed\" aria-haspopup=\"true\">\n\t\t\t\t<img decoding=\"async\" width=\"320\" height=\"202\" src=\"https:\/\/wodadlakujaw.pl\/wp-content\/uploads\/2021\/06\/snowdrop-3179211_1280-320x202.jpg\" class=\"attachment-blog-medium size-blog-medium wp-post-image\" alt=\"\" srcset=\"https:\/\/wodadlakujaw.pl\/wp-content\/uploads\/2021\/06\/snowdrop-3179211_1280-320x202.jpg 320w, https:\/\/wodadlakujaw.pl\/wp-content\/uploads\/2021\/06\/snowdrop-3179211_1280-700x441.jpg 700w\" sizes=\"(max-width: 320px) 100vw, 320px\" \/><div class=\"fusion-rollover\">\n\t<div class=\"fusion-rollover-content\">\n\n\t\t\t\t\t\t\t\t\t\t\t\t\t\t<a class=\"fusion-rollover-link\" href=\"https:\/\/wodadlakujaw.pl\/index.php\/2021\/06\/02\/2021\/\">Monitoring agrometeorologiczny na Kujawach 2021 r<\/a>\n\t\t\t\n\t\t\t\t\t\t\t\t\t\t\t\t\t\t\n\t\t\t\t\t\t\t\t\n\t\t\t\t\t\t\t\t\t\t\t\t\t<div class=\"fusion-rollover-sep\"><\/div>\n\t\t\t\t\n\t\t\t\t\t\t\t\t\t\t\t\t\t\t\t\t\t\t<a class=\"fusion-rollover-gallery\" href=\"https:\/\/wodadlakujaw.pl\/wp-content\/uploads\/2021\/06\/snowdrop-3179211_1280.jpg\" data-id=\"76\" data-rel=\"iLightbox[gallery]\" data-title=\"snowdrop-3179211_1280\" data-caption=\"\">\n\t\t\t\t\t\tGallery\t\t\t\t\t<\/a>\n\t\t\t\t\t\t\t\t\t\t\t\t\t\t\n\t\t\n\t\t\t\t\t\t\t\t\t\t\t\t<h4 class=\"fusion-rollover-title\">\n\t\t\t\t\t<a class=\"fusion-rollover-title-link\" href=\"https:\/\/wodadlakujaw.pl\/index.php\/2021\/06\/02\/2021\/\">\n\t\t\t\t\t\tMonitoring agrometeorologiczny na Kujawach 2021 r\t\t\t\t\t<\/a>\n\t\t\t\t<\/h4>\n\t\t\t\n\t\t\t\t\t\t\t\t\t\t<div class=\"fusion-rollover-categories\"><a href=\"https:\/\/wodadlakujaw.pl\/index.php\/category\/sezon-wegetacyjny\/\" rel=\"tag\">Pocz\u0105tek sezonu wegetacyjnego<\/a><\/div>\t\t\t\t\t\n\t\t\n\t\t\t\t\t\t<a class=\"fusion-link-wrapper\" href=\"https:\/\/wodadlakujaw.pl\/index.php\/2021\/06\/02\/2021\/\" aria-label=\"Monitoring agrometeorologiczny na Kujawach 2021 r\"><\/a>\n\t<\/div>\n<\/div>\n<\/div>\n<\/li>\n\t\t\t\n\t\t\t\n\t\t\t\t\t\t\t\t\t\t\t\t\t\t\t\t\t\t\t\t\t\t\t\t\t\t\t\t\t\t\t\t\t\t\t\t\t\t\t\t\t\t\t\t\t\t\t\t\t\t\t\t\t\t\t\t\t\t\t\t\t\t\t\t\t\t\t\t<\/ul>\n\t<\/div>\n\t<div class=\"fusion-post-content post-content\"><h2 class=\"blog-shortcode-post-title entry-title\"><a href=\"https:\/\/wodadlakujaw.pl\/index.php\/2021\/06\/02\/2021\/\">Monitoring agrometeorologiczny na Kujawach 2021 r<\/a><\/h2><div class=\"fusion-post-content-container\"><p> W 2021 roku na Kujawach pocz\u0105tek sezonu wegetacyjnego odnotowano na prze\u0142omie pierwszej i drugiej dekady kwietnia. Mo\u017cna sklasyfikowa\u0107 go jako p\u00f3\u017any.  Kumulowana suma \u015bredniej dobowej temperatury powietrza \u22655oC [...]<\/p><\/div><\/div><div class=\"fusion-clearfix\"><\/div><\/article>\n<\/div><\/div><\/div><style type=\"text\/css\">.fusion-body .fusion-builder-column-0{width:100% !important;margin-top : 0px;margin-bottom : 20px;}.fusion-builder-column-0 > .fusion-column-wrapper {padding-top : 0px !important;padding-right : 0px !important;margin-right : 1.92%;padding-bottom : 0px !important;padding-left : 0px !important;margin-left : 1.92%;}@media only screen and (max-width:1024px) {.fusion-body .fusion-builder-column-0{width:100% !important;order : 0;}.fusion-builder-column-0 > .fusion-column-wrapper {margin-right : 1.92%;margin-left : 1.92%;}}@media only screen and (max-width:640px) {.fusion-body .fusion-builder-column-0{width:100% !important;order : 0;}.fusion-builder-column-0 > .fusion-column-wrapper {margin-right : 1.92%;margin-left : 1.92%;}}<\/style><\/div><\/div><style type=\"text\/css\">.fusion-body .fusion-flex-container.fusion-builder-row-1{ padding-top : 0px;margin-top : 0px;padding-right : 0px;padding-bottom : 0px;margin-bottom : 0px;padding-left : 0px;}<\/style><\/div>\n","protected":false},"excerpt":{"rendered":"","protected":false},"author":1,"featured_media":0,"parent":287,"menu_order":0,"comment_status":"closed","ping_status":"closed","template":"","meta":{"footnotes":""},"class_list":["post-101","page","type-page","status-publish","hentry"],"_links":{"self":[{"href":"https:\/\/wodadlakujaw.pl\/index.php\/wp-json\/wp\/v2\/pages\/101","targetHints":{"allow":["GET"]}}],"collection":[{"href":"https:\/\/wodadlakujaw.pl\/index.php\/wp-json\/wp\/v2\/pages"}],"about":[{"href":"https:\/\/wodadlakujaw.pl\/index.php\/wp-json\/wp\/v2\/types\/page"}],"author":[{"embeddable":true,"href":"https:\/\/wodadlakujaw.pl\/index.php\/wp-json\/wp\/v2\/users\/1"}],"replies":[{"embeddable":true,"href":"https:\/\/wodadlakujaw.pl\/index.php\/wp-json\/wp\/v2\/comments?post=101"}],"version-history":[{"count":11,"href":"https:\/\/wodadlakujaw.pl\/index.php\/wp-json\/wp\/v2\/pages\/101\/revisions"}],"predecessor-version":[{"id":968,"href":"https:\/\/wodadlakujaw.pl\/index.php\/wp-json\/wp\/v2\/pages\/101\/revisions\/968"}],"up":[{"embeddable":true,"href":"https:\/\/wodadlakujaw.pl\/index.php\/wp-json\/wp\/v2\/pages\/287"}],"wp:attachment":[{"href":"https:\/\/wodadlakujaw.pl\/index.php\/wp-json\/wp\/v2\/media?parent=101"}],"curies":[{"name":"wp","href":"https:\/\/api.w.org\/{rel}","templated":true}]}}