{"id":20,"date":"2020-08-21T11:29:24","date_gmt":"2020-08-21T09:29:24","guid":{"rendered":"http:\/\/wodadlakujaw.pl\/?page_id=20"},"modified":"2022-03-23T16:13:08","modified_gmt":"2022-03-23T15:13:08","slug":"konsorcjum","status":"publish","type":"page","link":"https:\/\/wodadlakujaw.pl\/index.php\/o-nas\/konsorcjum\/","title":{"rendered":"Konsorcjum"},"content":{"rendered":"<div class=\"fusion-fullwidth fullwidth-box fusion-builder-row-1 fusion-flex-container nonhundred-percent-fullwidth non-hundred-percent-height-scrolling\" style=\"background-color: rgba(255,255,255,0);background-position: center center;background-repeat: no-repeat;border-width: 0px 0px 0px 0px;border-color:var(--awb-color3);border-style:solid;\" ><div class=\"fusion-builder-row fusion-row fusion-flex-align-items-center fusion-flex-justify-content-center\" style=\"max-width:1248px;margin-left: calc(-4% \/ 2 );margin-right: calc(-4% \/ 2 );\"><div class=\"fusion-layout-column fusion_builder_column fusion-builder-column-0 fusion_builder_column_1_1 1_1 fusion-flex-column\"><div class=\"fusion-column-wrapper fusion-flex-justify-content-flex-start fusion-content-layout-column\" style=\"background-position:left top;background-blend-mode: overlay;background-repeat:no-repeat;-webkit-background-size:cover;-moz-background-size:cover;-o-background-size:cover;background-size:cover;padding: 0px 0px 0px 0px;\"><div class=\"fusion-text fusion-text-1\"><\/p>\n<h5 class=\"fusion-responsive-typography-calculated\" style=\"--fontsize: 20; line-height: 1.2; --minfontsize: 20;\" data-fontsize=\"20\" data-lineheight=\"24px\"><strong>Sk\u0142ad konsorcjum:<br \/>\n<\/strong><\/h5>\n<h6 class=\"fusion-responsive-typography-calculated\" style=\"--fontsize: 16; line-height: 1.2; --minfontsize: 16;\" data-fontsize=\"16\" data-lineheight=\"19.2px\"><strong>Lider:<\/strong><\/h6>\n<\/p>\n<\/div>\n<\/div>\n<p><!-- \/wp:post-content --><\/p>\n<\/div><\/div><style type=\"text\/css\">.fusion-body .fusion-builder-column-0{width:100% !important;margin-top : 0px;margin-bottom : 0px;}.fusion-builder-column-0 > .fusion-column-wrapper {padding-top : 0px !important;padding-right : 0px !important;margin-right : 1.92%;padding-bottom : 0px !important;padding-left : 0px !important;margin-left : 1.92%;}@media only screen and (max-width:1024px) {.fusion-body .fusion-builder-column-0{width:100% !important;}.fusion-builder-column-0 > .fusion-column-wrapper {margin-right : 1.92%;margin-left : 1.92%;}}@media only screen and (max-width:640px) {.fusion-body .fusion-builder-column-0{width:100% !important;}.fusion-builder-column-0 > .fusion-column-wrapper {margin-right : 1.92%;margin-left : 1.92%;}}<\/style><\/div><div class=\"fusion-layout-column fusion_builder_column fusion-builder-column-1 fusion_builder_column_1_2 1_2 fusion-flex-column fusion-flex-align-self-center\"><div class=\"fusion-column-wrapper fusion-flex-justify-content-center fusion-content-layout-column\" style=\"background-position:left top;background-repeat:no-repeat;-webkit-background-size:cover;-moz-background-size:cover;-o-background-size:cover;background-size:cover;padding: 0px 0px 0px 0px;\"><div style=\"text-align:center;\"><span class=\" fusion-imageframe imageframe-none imageframe-1 hover-type-none\"><a class=\"fusion-no-lightbox\" href=\"https:\/\/www.itp.edu.pl\/\" target=\"_blank\" aria-label=\"ITP-PIB_pe\u0142na_nazwa\" rel=\"noopener noreferrer\"><img decoding=\"async\" width=\"609\" height=\"215\" src=\"http:\/\/wodadlakujaw.pl\/wp-content\/uploads\/2022\/02\/ITP-PIB_pelna_nazwa.png\" alt class=\"img-responsive wp-image-513\" srcset=\"https:\/\/wodadlakujaw.pl\/wp-content\/uploads\/2022\/02\/ITP-PIB_pelna_nazwa-200x71.png 200w, https:\/\/wodadlakujaw.pl\/wp-content\/uploads\/2022\/02\/ITP-PIB_pelna_nazwa-400x141.png 400w, https:\/\/wodadlakujaw.pl\/wp-content\/uploads\/2022\/02\/ITP-PIB_pelna_nazwa-600x212.png 600w, https:\/\/wodadlakujaw.pl\/wp-content\/uploads\/2022\/02\/ITP-PIB_pelna_nazwa.png 609w\" sizes=\"(max-width: 640px) 100vw, 600px\" \/><\/a><\/span><\/div><\/div><style type=\"text\/css\">.fusion-body .fusion-builder-column-1{width:50% !important;margin-top : 0px;margin-bottom : 20px;}.fusion-builder-column-1 > .fusion-column-wrapper {padding-top : 0px !important;padding-right : 0px !important;margin-right : 3.84%;padding-bottom : 0px !important;padding-left : 0px !important;margin-left : 3.84%;}@media only screen and (max-width:1024px) {.fusion-body .fusion-builder-column-1{width:50% !important;order : 0;}.fusion-builder-column-1 > .fusion-column-wrapper {margin-right : 3.84%;margin-left : 3.84%;}}@media only screen and (max-width:640px) {.fusion-body .fusion-builder-column-1{width:100% !important;order : 0;}.fusion-builder-column-1 > .fusion-column-wrapper {margin-right : 1.92%;margin-left : 1.92%;}}<\/style><\/div><div class=\"fusion-layout-column fusion_builder_column fusion-builder-column-2 fusion_builder_column_1_1 1_1 fusion-flex-column\"><div class=\"fusion-column-wrapper fusion-flex-justify-content-flex-start fusion-content-layout-column\" style=\"background-position:left top;background-repeat:no-repeat;-webkit-background-size:cover;-moz-background-size:cover;-o-background-size:cover;background-size:cover;padding: 0px 0px 0px 0px;\"><div class=\"fusion-text fusion-text-2\"><h6><strong>Konsorcjanci:<\/strong><\/h6>\n<\/div><\/div><style type=\"text\/css\">.fusion-body .fusion-builder-column-2{width:100% !important;margin-top : 0px;margin-bottom : 20px;}.fusion-builder-column-2 > .fusion-column-wrapper {padding-top : 0px !important;padding-right : 0px !important;margin-right : 1.92%;padding-bottom : 0px !important;padding-left : 0px !important;margin-left : 1.92%;}@media only screen and (max-width:1024px) {.fusion-body .fusion-builder-column-2{width:100% !important;order : 0;}.fusion-builder-column-2 > .fusion-column-wrapper {margin-right : 1.92%;margin-left : 1.92%;}}@media only screen and (max-width:640px) {.fusion-body .fusion-builder-column-2{width:100% !important;order : 0;}.fusion-builder-column-2 > .fusion-column-wrapper {margin-right : 1.92%;margin-left : 1.92%;}}<\/style><\/div><div class=\"fusion-layout-column fusion_builder_column fusion-builder-column-3 fusion_builder_column_1_2 1_2 fusion-flex-column\"><div class=\"fusion-column-wrapper fusion-flex-justify-content-flex-start fusion-content-layout-column\" style=\"background-position:left top;background-repeat:no-repeat;-webkit-background-size:cover;-moz-background-size:cover;-o-background-size:cover;background-size:cover;padding: 0px 200px 0px 200px;\"><div style=\"text-align:center;\"><span class=\" fusion-imageframe imageframe-none imageframe-2 hover-type-none\"><a class=\"fusion-no-lightbox\" href=\"https:\/\/www.ukw.edu.pl\/\" target=\"_blank\" rel=\"noopener noreferrer\"><img decoding=\"async\" width=\"260\" height=\"260\" src=\"http:\/\/wodadlakujaw.pl\/wp-content\/uploads\/2020\/08\/3.jpg\" alt class=\"img-responsive wp-image-44\" srcset=\"https:\/\/wodadlakujaw.pl\/wp-content\/uploads\/2020\/08\/3-150x150.jpg 150w, https:\/\/wodadlakujaw.pl\/wp-content\/uploads\/2020\/08\/3.jpg 260w\" sizes=\"(max-width: 260px) 100vw, 260px\" \/><\/a><\/span><\/div><\/div><style type=\"text\/css\">.fusion-body .fusion-builder-column-3{width:50% !important;margin-top : 0px;margin-bottom : 20px;}.fusion-builder-column-3 > .fusion-column-wrapper {padding-top : 0px !important;padding-right : 200px !important;margin-right : 3.84%;padding-bottom : 0px !important;padding-left : 200px !important;margin-left : 3.84%;}@media only screen and (max-width:1024px) {.fusion-body .fusion-builder-column-3{width:50% !important;order : 0;}.fusion-builder-column-3 > .fusion-column-wrapper {margin-right : 3.84%;margin-left : 3.84%;}}@media only screen and (max-width:640px) {.fusion-body .fusion-builder-column-3{width:100% !important;order : 0;}.fusion-builder-column-3 > .fusion-column-wrapper {margin-right : 1.92%;margin-left : 1.92%;}}<\/style><\/div><div class=\"fusion-layout-column fusion_builder_column fusion-builder-column-4 fusion_builder_column_1_2 1_2 fusion-flex-column fusion-flex-align-self-center\"><div class=\"fusion-column-wrapper fusion-flex-justify-content-center fusion-content-layout-column\" style=\"background-position:left top;background-repeat:no-repeat;-webkit-background-size:cover;-moz-background-size:cover;-o-background-size:cover;background-size:cover;padding: 0px 80px 0px 80px;\"><div ><span class=\" fusion-imageframe imageframe-none imageframe-3 hover-type-none\"><a class=\"fusion-no-lightbox\" href=\"http:\/\/www.kpodr.pl\/\" target=\"_blank\" aria-label=\"4\" rel=\"noopener noreferrer\"><img decoding=\"async\" width=\"508\" height=\"218\" src=\"http:\/\/wodadlakujaw.pl\/wp-content\/uploads\/2020\/08\/4.png\" alt class=\"img-responsive wp-image-45\" srcset=\"https:\/\/wodadlakujaw.pl\/wp-content\/uploads\/2020\/08\/4-300x129.png 300w, https:\/\/wodadlakujaw.pl\/wp-content\/uploads\/2020\/08\/4.png 508w\" sizes=\"(max-width: 508px) 100vw, 508px\" \/><\/a><\/span><\/div><\/div><style type=\"text\/css\">.fusion-body .fusion-builder-column-4{width:50% !important;margin-top : 0px;margin-bottom : 20px;}.fusion-builder-column-4 > .fusion-column-wrapper {padding-top : 0px !important;padding-right : 80px !important;margin-right : 3.84%;padding-bottom : 0px !important;padding-left : 80px !important;margin-left : 3.84%;}@media only screen and (max-width:1024px) {.fusion-body .fusion-builder-column-4{width:50% !important;order : 0;}.fusion-builder-column-4 > .fusion-column-wrapper {margin-right : 3.84%;margin-left : 3.84%;}}@media only screen and (max-width:640px) {.fusion-body .fusion-builder-column-4{width:100% !important;order : 0;}.fusion-builder-column-4 > .fusion-column-wrapper {margin-right : 1.92%;margin-left : 1.92%;}}<\/style><\/div><div class=\"fusion-layout-column fusion_builder_column fusion-builder-column-5 fusion_builder_column_1_2 1_2 fusion-flex-column\"><div class=\"fusion-column-wrapper fusion-flex-justify-content-flex-start fusion-content-layout-column\" style=\"background-position:left top;background-repeat:no-repeat;-webkit-background-size:cover;-moz-background-size:cover;-o-background-size:cover;background-size:cover;padding: 0px 0px 0px 0px;\"><div class=\"fusion-text fusion-text-3\"><h6 data-fontsize=\"16\" data-lineheight=\"19.2px\" class=\"fusion-responsive-typography-calculated\" style=\"--fontSize:16; line-height: 1.2; --minFontSize:16;\"><strong>Rolnicy z Kujaw (cz\u0142onkowie konsorcjum):<\/strong><\/h6>\n<ul>\n<li>\u0141ukasz Busse, gmina Kruszwica<\/li>\n<li>Jacek Drw\u0119ski, gmina Che\u0142mce<\/li>\n<li>Marcin \u0141ada, gmina Inowroc\u0142aw<\/li>\n<\/ul>\n<\/div><\/div><style type=\"text\/css\">.fusion-body .fusion-builder-column-5{width:50% !important;margin-top : 0px;margin-bottom : 20px;}.fusion-builder-column-5 > .fusion-column-wrapper {padding-top : 0px !important;padding-right : 0px !important;margin-right : 3.84%;padding-bottom : 0px !important;padding-left : 0px !important;margin-left : 3.84%;}@media only screen and (max-width:1024px) {.fusion-body .fusion-builder-column-5{width:50% !important;order : 0;}.fusion-builder-column-5 > .fusion-column-wrapper {margin-right : 3.84%;margin-left : 3.84%;}}@media only screen and (max-width:640px) {.fusion-body .fusion-builder-column-5{width:100% !important;order : 0;}.fusion-builder-column-5 > .fusion-column-wrapper {margin-right : 1.92%;margin-left : 1.92%;}}<\/style><\/div><div class=\"fusion-layout-column fusion_builder_column fusion-builder-column-6 fusion_builder_column_1_2 1_2 fusion-flex-column\"><div class=\"fusion-column-wrapper fusion-flex-justify-content-flex-start fusion-content-layout-column\" style=\"background-position:left top;background-repeat:no-repeat;-webkit-background-size:cover;-moz-background-size:cover;-o-background-size:cover;background-size:cover;padding: 0px 0px 0px 0px;\"><div style=\"text-align:center;\"><style>.fusion-imageframe.imageframe-4{background:var(--awb-color5);}<\/style><span class=\" fusion-imageframe imageframe-none imageframe-4 awb-imageframe-style awb-imageframe-style-resa\" style=\"max-width:400px;\"><a href=\"http:\/\/wodadlakujaw.pl\/wp-content\/uploads\/2022\/02\/Rolnicy-na-mapie.jpg\" class=\"fusion-lightbox\" data-rel=\"iLightbox[8c39e1bf24ef367484c]\" data-caption=\"Po\u0142o\u017cenie gospodarstw rolnik\u00f3w konsorcjant\u00f3w \"><img decoding=\"async\" width=\"1100\" height=\"650\" src=\"http:\/\/wodadlakujaw.pl\/wp-content\/uploads\/2022\/02\/Rolnicy-na-mapie.jpg\" alt class=\"img-responsive wp-image-414\" srcset=\"https:\/\/wodadlakujaw.pl\/wp-content\/uploads\/2022\/02\/Rolnicy-na-mapie-200x118.jpg 200w, https:\/\/wodadlakujaw.pl\/wp-content\/uploads\/2022\/02\/Rolnicy-na-mapie-400x236.jpg 400w, https:\/\/wodadlakujaw.pl\/wp-content\/uploads\/2022\/02\/Rolnicy-na-mapie-600x355.jpg 600w, https:\/\/wodadlakujaw.pl\/wp-content\/uploads\/2022\/02\/Rolnicy-na-mapie-800x473.jpg 800w, https:\/\/wodadlakujaw.pl\/wp-content\/uploads\/2022\/02\/Rolnicy-na-mapie.jpg 1100w\" sizes=\"(max-width: 640px) 100vw, 600px\" \/><div class=\"awb-imageframe-caption-container\"><div class=\"awb-imageframe-caption\"><p class=\"awb-imageframe-caption-text\">Po\u0142o\u017cenie gospodarstw rolnik\u00f3w konsorcjant\u00f3w <\/p><\/div><\/div><\/a><\/span><\/div><\/div><style type=\"text\/css\">.fusion-body .fusion-builder-column-6{width:50% !important;margin-top : 0px;margin-bottom : 20px;}.fusion-builder-column-6 > .fusion-column-wrapper {padding-top : 0px !important;padding-right : 0px !important;margin-right : 3.84%;padding-bottom : 0px !important;padding-left : 0px !important;margin-left : 3.84%;}@media only screen and (max-width:1024px) {.fusion-body .fusion-builder-column-6{width:50% !important;order : 0;}.fusion-builder-column-6 > .fusion-column-wrapper {margin-right : 3.84%;margin-left : 3.84%;}}@media only screen and (max-width:640px) {.fusion-body .fusion-builder-column-6{width:100% !important;order : 0;}.fusion-builder-column-6 > .fusion-column-wrapper {margin-right : 1.92%;margin-left : 1.92%;}}<\/style><\/div><\/div><style type=\"text\/css\">.fusion-body .fusion-flex-container.fusion-builder-row-1{ padding-top : 0px;margin-top : 0px;padding-right : 0px;padding-bottom : 0px;margin-bottom : 0px;padding-left : 0px;}<\/style><\/div>","protected":false},"excerpt":{"rendered":"","protected":false},"author":1,"featured_media":0,"parent":255,"menu_order":1,"comment_status":"closed","ping_status":"closed","template":"","meta":{"footnotes":""},"class_list":["post-20","page","type-page","status-publish","hentry"],"_links":{"self":[{"href":"https:\/\/wodadlakujaw.pl\/index.php\/wp-json\/wp\/v2\/pages\/20","targetHints":{"allow":["GET"]}}],"collection":[{"href":"https:\/\/wodadlakujaw.pl\/index.php\/wp-json\/wp\/v2\/pages"}],"about":[{"href":"https:\/\/wodadlakujaw.pl\/index.php\/wp-json\/wp\/v2\/types\/page"}],"author":[{"embeddable":true,"href":"https:\/\/wodadlakujaw.pl\/index.php\/wp-json\/wp\/v2\/users\/1"}],"replies":[{"embeddable":true,"href":"https:\/\/wodadlakujaw.pl\/index.php\/wp-json\/wp\/v2\/comments?post=20"}],"version-history":[{"count":25,"href":"https:\/\/wodadlakujaw.pl\/index.php\/wp-json\/wp\/v2\/pages\/20\/revisions"}],"predecessor-version":[{"id":640,"href":"https:\/\/wodadlakujaw.pl\/index.php\/wp-json\/wp\/v2\/pages\/20\/revisions\/640"}],"up":[{"embeddable":true,"href":"https:\/\/wodadlakujaw.pl\/index.php\/wp-json\/wp\/v2\/pages\/255"}],"wp:attachment":[{"href":"https:\/\/wodadlakujaw.pl\/index.php\/wp-json\/wp\/v2\/media?parent=20"}],"curies":[{"name":"wp","href":"https:\/\/api.w.org\/{rel}","templated":true}]}}