{"id":31,"date":"2020-08-21T11:33:30","date_gmt":"2020-08-21T09:33:30","guid":{"rendered":"http:\/\/wodadlakujaw.pl\/?page_id=31"},"modified":"2022-07-04T21:05:56","modified_gmt":"2022-07-04T19:05:56","slug":"strona-glowna","status":"publish","type":"page","link":"https:\/\/wodadlakujaw.pl\/","title":{"rendered":"Strona g\u0142\u00f3wna"},"content":{"rendered":"<div class=\"fusion-fullwidth fullwidth-box fusion-builder-row-1 fusion-flex-container nonhundred-percent-fullwidth non-hundred-percent-height-scrolling\" style=\"background-color: rgba(255,255,255,0);background-position: center center;background-repeat: no-repeat;border-width: 0px 0px 0px 0px;border-color:var(--awb-color3);border-style:solid;\" ><div class=\"fusion-builder-row fusion-row fusion-flex-align-items-center fusion-flex-justify-content-space-evenly\" style=\"max-width:1248px;margin-left: calc(-4% \/ 2 );margin-right: calc(-4% \/ 2 );\"><div class=\"fusion-layout-column fusion_builder_column fusion-builder-column-0 fusion_builder_column_1_3 1_3 fusion-flex-column fusion-flex-align-self-center\"><div class=\"fusion-column-wrapper fusion-flex-justify-content-center fusion-content-layout-column\" style=\"background-position:left top;background-repeat:no-repeat;-webkit-background-size:cover;-moz-background-size:cover;-o-background-size:cover;background-size:cover;padding: 0px 0px 0px 0px;\"><div style=\"text-align:center;\"><span class=\" fusion-imageframe imageframe-none imageframe-1 hover-type-zoomin\" style=\"max-width:200px;\"><a class=\"fusion-no-lightbox\" href=\"https:\/\/ec.europa.eu\/regional_policy\/pl\/policy\/what\/glossary\/e\/european-agricultural-fund-for-rural-development\" target=\"_blank\" rel=\"noopener noreferrer\"><img decoding=\"async\" width=\"456\" height=\"456\" src=\"http:\/\/wodadlakujaw.pl\/wp-content\/uploads\/2022\/02\/flag_yellow_low.png\" alt class=\"img-responsive wp-image-385\" srcset=\"https:\/\/wodadlakujaw.pl\/wp-content\/uploads\/2022\/02\/flag_yellow_low-200x200.png 200w, https:\/\/wodadlakujaw.pl\/wp-content\/uploads\/2022\/02\/flag_yellow_low-400x400.png 400w, https:\/\/wodadlakujaw.pl\/wp-content\/uploads\/2022\/02\/flag_yellow_low.png 456w\" sizes=\"(max-width: 640px) 100vw, 400px\" \/><\/a><\/span><\/div><\/div><style type=\"text\/css\">.fusion-body .fusion-builder-column-0{width:33.333333333333% !important;margin-top : 0px;margin-bottom : 0px;}.fusion-builder-column-0 > .fusion-column-wrapper {padding-top : 0px !important;padding-right : 0px !important;margin-right : 5.76%;padding-bottom : 0px !important;padding-left : 0px !important;margin-left : 5.76%;}@media only screen and (max-width:1024px) {.fusion-body .fusion-builder-column-0{width:33.333333333333% !important;order : 0;}.fusion-builder-column-0 > .fusion-column-wrapper {margin-right : 5.76%;margin-left : 5.76%;}}@media only screen and (max-width:640px) {.fusion-body .fusion-builder-column-0{width:100% !important;order : 0;}.fusion-builder-column-0 > .fusion-column-wrapper {margin-right : 1.92%;margin-left : 1.92%;}}<\/style><\/div><div class=\"fusion-layout-column fusion_builder_column fusion-builder-column-1 fusion_builder_column_1_3 1_3 fusion-flex-column\"><div class=\"fusion-column-wrapper fusion-flex-justify-content-flex-start fusion-content-layout-column\" style=\"background-position:left top;background-repeat:no-repeat;-webkit-background-size:cover;-moz-background-size:cover;-o-background-size:cover;background-size:cover;padding: 0px 0px 0px 0px;\"><div style=\"text-align:center;\"><span class=\" fusion-imageframe imageframe-none imageframe-2 hover-type-zoomin\" style=\"max-width:120px;\"><a class=\"fusion-no-lightbox\" href=\"http:\/\/wodadlakujaw.pl\/\" target=\"_self\" aria-label=\"woda-dla-kujaw-strzedzinska- bez kanwy\"><img decoding=\"async\" width=\"1437\" height=\"1733\" src=\"http:\/\/wodadlakujaw.pl\/wp-content\/uploads\/2022\/02\/woda-dla-kujaw-strzedzinska-bez-kanwy.png\" alt class=\"img-responsive wp-image-251\" srcset=\"https:\/\/wodadlakujaw.pl\/wp-content\/uploads\/2022\/02\/woda-dla-kujaw-strzedzinska-bez-kanwy-200x241.png 200w, https:\/\/wodadlakujaw.pl\/wp-content\/uploads\/2022\/02\/woda-dla-kujaw-strzedzinska-bez-kanwy-400x482.png 400w, https:\/\/wodadlakujaw.pl\/wp-content\/uploads\/2022\/02\/woda-dla-kujaw-strzedzinska-bez-kanwy-600x724.png 600w, https:\/\/wodadlakujaw.pl\/wp-content\/uploads\/2022\/02\/woda-dla-kujaw-strzedzinska-bez-kanwy-800x965.png 800w, https:\/\/wodadlakujaw.pl\/wp-content\/uploads\/2022\/02\/woda-dla-kujaw-strzedzinska-bez-kanwy-1200x1447.png 1200w, https:\/\/wodadlakujaw.pl\/wp-content\/uploads\/2022\/02\/woda-dla-kujaw-strzedzinska-bez-kanwy.png 1437w\" sizes=\"(max-width: 640px) 100vw, 400px\" \/><\/a><\/span><\/div><\/div><style type=\"text\/css\">.fusion-body .fusion-builder-column-1{width:33.333333333333% !important;margin-top : 28px;margin-bottom : 20px;}.fusion-builder-column-1 > .fusion-column-wrapper {padding-top : 0px !important;padding-right : 0px !important;margin-right : 5.76%;padding-bottom : 0px !important;padding-left : 0px !important;margin-left : 5.76%;}@media only screen and (max-width:1024px) {.fusion-body .fusion-builder-column-1{width:33.333333333333% !important;order : 0;}.fusion-builder-column-1 > .fusion-column-wrapper {margin-right : 5.76%;margin-left : 5.76%;}}@media only screen and (max-width:640px) {.fusion-body .fusion-builder-column-1{width:100% !important;order : 0;}.fusion-builder-column-1 > .fusion-column-wrapper {margin-right : 1.92%;margin-left : 1.92%;}}<\/style><\/div><div class=\"fusion-layout-column fusion_builder_column fusion-builder-column-2 fusion_builder_column_1_3 1_3 fusion-flex-column\"><div class=\"fusion-column-wrapper fusion-flex-justify-content-flex-start fusion-content-layout-column\" style=\"background-position:left top;background-repeat:no-repeat;-webkit-background-size:cover;-moz-background-size:cover;-o-background-size:cover;background-size:cover;padding: 0px 0px 0px 0px;\"><div style=\"text-align:center;\"><span class=\" fusion-imageframe imageframe-none imageframe-3 hover-type-zoomin\" style=\"max-width:250px;\"><a class=\"fusion-no-lightbox\" href=\"https:\/\/mojregion.eu\/prow\/aktualnosci\/\" target=\"_blank\" aria-label=\"PROW-2014-2020-logo-kolor-removebg-preview\" rel=\"noopener noreferrer\"><img decoding=\"async\" width=\"618\" height=\"404\" src=\"http:\/\/wodadlakujaw.pl\/wp-content\/uploads\/2022\/02\/PROW-2014-2020-logo-kolor-removebg-preview.png\" alt class=\"img-responsive wp-image-450\" srcset=\"https:\/\/wodadlakujaw.pl\/wp-content\/uploads\/2022\/02\/PROW-2014-2020-logo-kolor-removebg-preview-200x131.png 200w, https:\/\/wodadlakujaw.pl\/wp-content\/uploads\/2022\/02\/PROW-2014-2020-logo-kolor-removebg-preview-400x261.png 400w, https:\/\/wodadlakujaw.pl\/wp-content\/uploads\/2022\/02\/PROW-2014-2020-logo-kolor-removebg-preview-600x392.png 600w, https:\/\/wodadlakujaw.pl\/wp-content\/uploads\/2022\/02\/PROW-2014-2020-logo-kolor-removebg-preview.png 618w\" sizes=\"(max-width: 640px) 100vw, 400px\" \/><\/a><\/span><\/div><\/div><style type=\"text\/css\">.fusion-body .fusion-builder-column-2{width:33.333333333333% !important;margin-top : 18px;margin-bottom : 19px;}.fusion-builder-column-2 > .fusion-column-wrapper {padding-top : 0px !important;padding-right : 0px !important;margin-right : 5.76%;padding-bottom : 0px !important;padding-left : 0px !important;margin-left : 5.76%;}@media only screen and (max-width:1024px) {.fusion-body .fusion-builder-column-2{width:33.333333333333% !important;order : 0;}.fusion-builder-column-2 > .fusion-column-wrapper {margin-right : 5.76%;margin-left : 5.76%;}}@media only screen and (max-width:640px) {.fusion-body .fusion-builder-column-2{width:100% !important;order : 0;}.fusion-builder-column-2 > .fusion-column-wrapper {margin-right : 1.92%;margin-left : 1.92%;}}<\/style><\/div><div class=\"fusion-layout-column fusion_builder_column fusion-builder-column-3 fusion_builder_column_1_1 1_1 fusion-flex-column\"><div class=\"fusion-column-wrapper fusion-flex-justify-content-flex-start fusion-content-layout-column\" style=\"background-position:left top;background-repeat:no-repeat;-webkit-background-size:cover;-moz-background-size:cover;-o-background-size:cover;background-size:cover;padding: 0px 0px 0px 0px;\"><div class=\"fusion-text fusion-text-1\" style=\"text-align:center;\"><p><strong><em>\u201eEuropejski Fundusz Rolny na rzecz Rozwoju Obszar\u00f3w Wiejskich: Europa inwestuj\u0105ca w obszary wiejskie\u201d<\/em>. Strona internetowa opracowana przez Grup\u0119 Operacyjn\u0105 \u201e<em>Woda dla Kujaw\u201d<\/em>. Strona internetowa wsp\u00f3\u0142finansowana jest ze \u015brodk\u00f3w Unii Europejskiej w ramach dzia\u0142aniu Wsp\u00f3\u0142praca na lata 2014-2020. Instytucja Zarz\u0105dzaj\u0105ca Programem Rozwoju Obszar\u00f3w Wiejskich na lata 2014-2020 \u2013 Minister Rolnictwa i Rozwoju Wsi. Operacja jest realizowana w ramach Europejskiego partnerstwa innowacyjnego na rzecz wydajnego i zr\u00f3wnowa\u017conego rolnictwa (<a href=\"https:\/\/ec.europa.eu\/eip\/agriculture\/en\" target=\"_blank\" rel=\"noopener noreferrer\">EIP-AGRI<\/a>).<\/strong><\/p>\n<\/div><\/div><style type=\"text\/css\">.fusion-body .fusion-builder-column-3{width:100% !important;margin-top : 0px;margin-bottom : 20px;}.fusion-builder-column-3 > .fusion-column-wrapper {padding-top : 0px !important;padding-right : 0px !important;margin-right : 1.92%;padding-bottom : 0px !important;padding-left : 0px !important;margin-left : 1.92%;}@media only screen and (max-width:1024px) {.fusion-body .fusion-builder-column-3{width:100% !important;order : 0;}.fusion-builder-column-3 > .fusion-column-wrapper {margin-right : 1.92%;margin-left : 1.92%;}}@media only screen and (max-width:640px) {.fusion-body .fusion-builder-column-3{width:100% !important;order : 0;}.fusion-builder-column-3 > .fusion-column-wrapper {margin-right : 1.92%;margin-left : 1.92%;}}<\/style><\/div><\/div><style type=\"text\/css\">.fusion-body .fusion-flex-container.fusion-builder-row-1{ padding-top : 0px;margin-top : 0px;padding-right : 0px;padding-bottom : 0px;margin-bottom : 0px;padding-left : 0px;}<\/style><\/div><div class=\"fusion-fullwidth fullwidth-box fusion-builder-row-2 fusion-flex-container nonhundred-percent-fullwidth non-hundred-percent-height-scrolling\" style=\"background-color: rgba(255,255,255,0);background-position: center center;background-repeat: no-repeat;border-width: 0px 0px 0px 0px;border-color:var(--awb-color3);border-style:solid;\" ><div class=\"fusion-builder-row fusion-row fusion-flex-align-items-flex-start\" style=\"max-width:1248px;margin-left: calc(-4% \/ 2 );margin-right: calc(-4% \/ 2 );\"><div class=\"fusion-layout-column fusion_builder_column fusion-builder-column-4 fusion_builder_column_1_1 1_1 fusion-flex-column\"><div class=\"fusion-column-wrapper fusion-flex-justify-content-flex-start fusion-content-layout-column\" style=\"background-position:left top;background-blend-mode: overlay;background-repeat:no-repeat;-webkit-background-size:cover;-moz-background-size:cover;-o-background-size:cover;background-size:cover;padding: 0px 0px 0px 0px;\"><div class=\"fusion-text fusion-text-2\"><\/p>\n<p>Konsorcjum Woda dla Kujaw powsta\u0142o i operacja jest realizowana w ramach Europejskiego partnerstwa innowacyjnego na rzecz wydajnego i zr\u00f3wnowa\u017conego rolnictwa (<a href=\"https:\/\/ec.europa.eu\/eip\/agriculture\/en\">EIP-AGRI<\/a>). Grupa Operacyjna <strong>Woda dla Kujaw<\/strong> powsta\u0142a w Bydgoszczy w grudniu 2018 roku na podstawie umowy konsorcjum, a od dnia 30 lipca 2020 dzia\u0142a na podstawie umowy Nr 00024.DDD.6509.00066.2018.07 zawartej w Warszawie z Agencj\u0105 Restrukturyzacji i Modernizacji Rolnictwa, w ramach kt\u00f3rej uzyskali\u015bmy dotacj\u0119 z dzia\u0142ania \u201eWsp\u00f3\u0142praca\u201d obj\u0119tego Programem Rozwoju Obszar\u00f3w Wiejskich na lata 2014\u20132020 na realizacj\u0119 operacji p.t.<\/p><\/p>\n<\/div><div style=\"text-align:center;\"><style>.fusion-button.button-1{border-radius:4px 4px 4px 4px;}<\/style><a class=\"fusion-button button-flat fusion-button-default-size button-default button-1 fusion-button-default-span fusion-button-default-type\" target=\"_self\" href=\"https:\/\/system.wodadlakujaw.pl\/login\"><span class=\"fusion-button-text\">\u201eInnowacyjny system monitoringu i prognozowania agrometeorologicznego oraz operacyjnego planowania nawodnie\u0144 w gospodarstwach rolnych na Kujawach\u201d<\/span><\/a><\/div><\/div><style type=\"text\/css\">.fusion-body .fusion-builder-column-4{width:100% !important;margin-top : 0px;margin-bottom : 0px;}.fusion-builder-column-4 > .fusion-column-wrapper {padding-top : 0px !important;padding-right : 0px !important;margin-right : 1.92%;padding-bottom : 0px !important;padding-left : 0px !important;margin-left : 1.92%;}@media only screen and (max-width:1024px) {.fusion-body .fusion-builder-column-4{width:100% !important;}.fusion-builder-column-4 > .fusion-column-wrapper {margin-right : 1.92%;margin-left : 1.92%;}}@media only screen and (max-width:640px) {.fusion-body .fusion-builder-column-4{width:100% !important;}.fusion-builder-column-4 > .fusion-column-wrapper {margin-right : 1.92%;margin-left : 1.92%;}}<\/style><\/div><\/div><style type=\"text\/css\">.fusion-body .fusion-flex-container.fusion-builder-row-2{ padding-top : 0px;margin-top : 0px;padding-right : 0px;padding-bottom : 0px;margin-bottom : 0px;padding-left : 0px;}<\/style><\/div>","protected":false},"excerpt":{"rendered":"","protected":false},"author":1,"featured_media":0,"parent":0,"menu_order":0,"comment_status":"closed","ping_status":"closed","template":"","meta":{"footnotes":""},"class_list":["post-31","page","type-page","status-publish","hentry"],"_links":{"self":[{"href":"https:\/\/wodadlakujaw.pl\/index.php\/wp-json\/wp\/v2\/pages\/31","targetHints":{"allow":["GET"]}}],"collection":[{"href":"https:\/\/wodadlakujaw.pl\/index.php\/wp-json\/wp\/v2\/pages"}],"about":[{"href":"https:\/\/wodadlakujaw.pl\/index.php\/wp-json\/wp\/v2\/types\/page"}],"author":[{"embeddable":true,"href":"https:\/\/wodadlakujaw.pl\/index.php\/wp-json\/wp\/v2\/users\/1"}],"replies":[{"embeddable":true,"href":"https:\/\/wodadlakujaw.pl\/index.php\/wp-json\/wp\/v2\/comments?post=31"}],"version-history":[{"count":34,"href":"https:\/\/wodadlakujaw.pl\/index.php\/wp-json\/wp\/v2\/pages\/31\/revisions"}],"predecessor-version":[{"id":804,"href":"https:\/\/wodadlakujaw.pl\/index.php\/wp-json\/wp\/v2\/pages\/31\/revisions\/804"}],"wp:attachment":[{"href":"https:\/\/wodadlakujaw.pl\/index.php\/wp-json\/wp\/v2\/media?parent=31"}],"curies":[{"name":"wp","href":"https:\/\/api.w.org\/{rel}","templated":true}]}}